{"id":959,"date":"2019-07-21T18:23:35","date_gmt":"2019-07-21T18:23:35","guid":{"rendered":"https:\/\/dev14.buchanan-solutions.com?page_id=959"},"modified":"2019-07-21T18:23:40","modified_gmt":"2019-07-21T18:23:40","slug":"an-chre-umhaois-an-iarnaois","status":"publish","type":"page","link":"https:\/\/westkerrymuseum.com\/ga\/catalog\/an-chre-umhaois-an-iarnaois\/","title":{"rendered":"An Chr\u00e9-Umhaois\/An Iarnaois"},"content":{"rendered":"\n<p>Is \u00e9 an Aois Chr\u00e9-umha an dara tr\u00e9imhse pr\u00edomhoide na tr\u00ed aois c\u00f3ras &#8211; Chr\u00e9- Iarann, mar at\u00e1 molta sa l\u00e1 at\u00e1 inniu ag Christian J\u00fcrgensen Thomsen, aicmi\u00fa agus ag d\u00e9anamh staid\u00e9ir sochaithe \u00e1rsa. <\/p>\n\n\n\n<p>\n\nFuarthas na bioranna adhmaid seo, \u2018Saigheada Chom an \u00e1ir\u2019, scaipthe i bportach leathan a sh\u00edneann soir o dheas \u00f3 Bharr na Conaire. An-sheans gur chuid de ghaiste fia a bh\u00ed iontu agus de r\u00e9ir na fianaise at\u00e1 again f\u00e9 aois an phortaigh f\u00e9in, is cos\u00fail gur \u00f3 Aois an Chr\u00e9-Umha a thagann siad. Saigheada a \u00fas\u00e1ideadh i gcath idir laochra na nUltach agus na Muimhneach ab ea iad de r\u00e9ir an tseanchais, agus as sin a th\u00e1na an ainm \u2018Com an \u00e1ir\u2019.\n\n<\/p>\n\n\n\n<figure class=\"wp-block-image\"><img decoding=\"async\" width=\"130\" height=\"72\" src=\"https:\/\/westkerrymuseum.com\/\/wp-content\/uploads\/2019\/07\/01-1.jpg\" alt=\"Coumanare Arrow\" class=\"wp-image-24\"\/><\/figure>\n\n\n\n<p>\n\nEala\u00edon chloiche \u00f3 Aois an Chr\u00e9-umha, Luachair.\n\n<\/p>\n\n\n\n<figure class=\"wp-block-image\"><img decoding=\"async\" width=\"130\" height=\"72\" src=\"https:\/\/westkerrymuseum.com\/\/wp-content\/uploads\/2019\/07\/02-1.jpg\" alt=\"Bronze Age Rock\" class=\"wp-image-28\"\/><\/figure>\n\n\n\n<p>\n\nRinn sle\u00e1 chr\u00e9-umha a bhfuil l\u00fab\u00f3g i mbun a lainne \u00f3 c. 1200 R.Ch. Fuarthas i bportach in Abhainn a\u2019Sc\u00e1il \u00ed.\n\n<\/p>\n\n\n\n<figure class=\"wp-block-image\"><img decoding=\"async\" width=\"160\" height=\"103\" src=\"https:\/\/westkerrymuseum.com\/\/wp-content\/uploads\/2019\/07\/08.jpg\" alt=\"Bronze Spearhead\" class=\"wp-image-52\"\/><\/figure>\n\n\n\n<p>Ceann tua cr\u00e9-umha, c. 1600-1200 R.Ch., \u00f3 Bhaile an Bh\u00fadhlaeraigh. \u00a9 NMI <\/p>\n\n\n\n<figure class=\"wp-block-image\"><img loading=\"lazy\" decoding=\"async\" width=\"97\" height=\"96\" src=\"https:\/\/westkerrymuseum.com\/\/wp-content\/uploads\/2019\/07\/03.jpg\" alt=\"Socketed Bronze Axe Head\" class=\"wp-image-32\"\/><\/figure>\n\n\n\n<p>Cas\u00fair cloiche \u00f3 mhianach copair ar Oile\u00e1n Rois, Cill \u00e1irne. \u00a9 NMI <\/p>\n\n\n\n<figure class=\"wp-block-image\"><img loading=\"lazy\" decoding=\"async\" width=\"99\" height=\"96\" src=\"https:\/\/westkerrymuseum.com\/\/wp-content\/uploads\/2019\/07\/05.jpg\" alt=\"Ross Island Mauls\" class=\"wp-image-40\"\/><\/figure>\n\n\n\n<p>Cas\u00far cloiche \u00f3 mhianach copair ar Oile\u00e1n Rois, Cill \u00e1irne. \u00a9 NMI <\/p>\n\n\n\n<figure class=\"wp-block-image\"><img loading=\"lazy\" decoding=\"async\" width=\"119\" height=\"96\" src=\"https:\/\/westkerrymuseum.com\/\/wp-content\/uploads\/2019\/07\/04.jpg\" alt=\"Neolithic Stone Axe\" class=\"wp-image-36\"\/><\/figure>\n\n\n\n<p>Cas\u00far cloiche \u00f3 mhianach copair ar Oile\u00e1n Rois, Cill \u00e1irne chomh maith le mianach copair \u00f3 Oile\u00e1n Rois. \u00a9 NMI. <\/p>\n\n\n\n<figure class=\"wp-block-image\"><img loading=\"lazy\" decoding=\"async\" width=\"418\" height=\"600\" src=\"https:\/\/westkerrymuseum.com\/\/wp-content\/uploads\/2019\/07\/07l.jpg\" alt=\"Stone maul or hammer\" class=\"wp-image-50\" srcset=\"https:\/\/westkerrymuseum.com\/wp-content\/uploads\/2019\/07\/07l.jpg 418w, https:\/\/westkerrymuseum.com\/wp-content\/uploads\/2019\/07\/07l-209x300.jpg 209w\" sizes=\"(max-width: 418px) 100vw, 418px\" \/><\/figure>\n\n\n\n<p>Mianach copair \u00f3 Oile\u00e1n Rois, Cill \u00e1irne. B\u00ed mianaigh copair ar an l\u00e1thair seo \u00f3 2400 \u2013 1900 r.c. \u2013 a shol\u00e1thair miotal copair agus cr\u00e9-umha don gc\u00e9ad uair in \u00e9irinn. <\/p>\n\n\n\n<figure class=\"wp-block-image\"><img loading=\"lazy\" decoding=\"async\" width=\"412\" height=\"600\" src=\"https:\/\/westkerrymuseum.com\/\/wp-content\/uploads\/2019\/07\/06l.jpg\" alt=\"Copper Ore\" class=\"wp-image-46\" srcset=\"https:\/\/westkerrymuseum.com\/wp-content\/uploads\/2019\/07\/06l.jpg 412w, https:\/\/westkerrymuseum.com\/wp-content\/uploads\/2019\/07\/06l-206x300.jpg 206w\" sizes=\"(max-width: 412px) 100vw, 412px\" \/><\/figure>\n\n\n\n<p>Cuid de chrann gi\u00faise a fuarthas i bportach na Droime. N\u00ed fios c\u00e9n t-aos \u00e9. <\/p>\n\n\n\n<figure class=\"wp-block-image\"><img loading=\"lazy\" decoding=\"async\" width=\"450\" height=\"600\" src=\"https:\/\/westkerrymuseum.com\/\/wp-content\/uploads\/2019\/07\/09l.jpg\" alt=\"Bog Deal\" class=\"wp-image-58\" srcset=\"https:\/\/westkerrymuseum.com\/wp-content\/uploads\/2019\/07\/09l.jpg 450w, https:\/\/westkerrymuseum.com\/wp-content\/uploads\/2019\/07\/09l-225x300.jpg 225w\" sizes=\"(max-width: 450px) 100vw, 450px\" \/><\/figure>\n","protected":false},"excerpt":{"rendered":"<p>Is \u00e9 an Aois Chr\u00e9-umha an dara tr\u00e9imhse pr\u00edomhoide na tr\u00ed aois c\u00f3ras &#8211; Chr\u00e9- Iarann, mar at\u00e1 molta sa l\u00e1 at\u00e1 inniu ag Christian J\u00fcrgensen Thomsen, aicmi\u00fa agus ag d\u00e9anamh staid\u00e9ir sochaithe \u00e1rsa. Fuarthas na bioranna adhmaid seo, \u2018Saigheada Chom an \u00e1ir\u2019, scaipthe i bportach leathan a sh\u00edneann soir o dheas \u00f3 Bharr na [&hellip;]<\/p>\n","protected":false},"author":3,"featured_media":0,"parent":952,"menu_order":0,"comment_status":"closed","ping_status":"closed","template":"","meta":{"ocean_post_layout":"","ocean_both_sidebars_style":"","ocean_both_sidebars_content_width":0,"ocean_both_sidebars_sidebars_width":0,"ocean_sidebar":"","ocean_second_sidebar":"","ocean_disable_margins":"enable","ocean_add_body_class":"","ocean_shortcode_before_top_bar":"","ocean_shortcode_after_top_bar":"","ocean_shortcode_before_header":"","ocean_shortcode_after_header":"","ocean_has_shortcode":"","ocean_shortcode_after_title":"","ocean_shortcode_before_footer_widgets":"","ocean_shortcode_after_footer_widgets":"","ocean_shortcode_before_footer_bottom":"","ocean_shortcode_after_footer_bottom":"","ocean_display_top_bar":"default","ocean_display_header":"default","ocean_header_style":"","ocean_center_header_left_menu":"","ocean_custom_header_template":"","ocean_custom_logo":0,"ocean_custom_retina_logo":0,"ocean_custom_logo_max_width":0,"ocean_custom_logo_tablet_max_width":0,"ocean_custom_logo_mobile_max_width":0,"ocean_custom_logo_max_height":0,"ocean_custom_logo_tablet_max_height":0,"ocean_custom_logo_mobile_max_height":0,"ocean_header_custom_menu":"","ocean_menu_typo_font_family":"","ocean_menu_typo_font_subset":"","ocean_menu_typo_font_size":0,"ocean_menu_typo_font_size_tablet":0,"ocean_menu_typo_font_size_mobile":0,"ocean_menu_typo_font_size_unit":"px","ocean_menu_typo_font_weight":"","ocean_menu_typo_font_weight_tablet":"","ocean_menu_typo_font_weight_mobile":"","ocean_menu_typo_transform":"","ocean_menu_typo_transform_tablet":"","ocean_menu_typo_transform_mobile":"","ocean_menu_typo_line_height":0,"ocean_menu_typo_line_height_tablet":0,"ocean_menu_typo_line_height_mobile":0,"ocean_menu_typo_line_height_unit":"","ocean_menu_typo_spacing":0,"ocean_menu_typo_spacing_tablet":0,"ocean_menu_typo_spacing_mobile":0,"ocean_menu_typo_spacing_unit":"","ocean_menu_link_color":"","ocean_menu_link_color_hover":"","ocean_menu_link_color_active":"","ocean_menu_link_background":"","ocean_menu_link_hover_background":"","ocean_menu_link_active_background":"","ocean_menu_social_links_bg":"","ocean_menu_social_hover_links_bg":"","ocean_menu_social_links_color":"","ocean_menu_social_hover_links_color":"","ocean_disable_title":"default","ocean_disable_heading":"default","ocean_post_title":"","ocean_post_subheading":"","ocean_post_title_style":"","ocean_post_title_background_color":"","ocean_post_title_background":0,"ocean_post_title_bg_image_position":"","ocean_post_title_bg_image_attachment":"","ocean_post_title_bg_image_repeat":"","ocean_post_title_bg_image_size":"","ocean_post_title_height":0,"ocean_post_title_bg_overlay":0.5,"ocean_post_title_bg_overlay_color":"","ocean_disable_breadcrumbs":"default","ocean_breadcrumbs_color":"","ocean_breadcrumbs_separator_color":"","ocean_breadcrumbs_links_color":"","ocean_breadcrumbs_links_hover_color":"","ocean_display_footer_widgets":"default","ocean_display_footer_bottom":"default","ocean_custom_footer_template":"","footnotes":""},"class_list":["post-959","page","type-page","status-publish","hentry","entry"],"yoast_head":"<!-- This site is optimized with the Yoast SEO plugin v26.6 - https:\/\/yoast.com\/wordpress\/plugins\/seo\/ -->\n<title>An Chr\u00e9-Umhaois\/An Iarnaois - West Kerry Museum<\/title>\n<meta name=\"robots\" content=\"index, follow, max-snippet:-1, max-image-preview:large, max-video-preview:-1\" \/>\n<link rel=\"canonical\" href=\"https:\/\/westkerrymuseum.com\/ga\/catalog\/an-chre-umhaois-an-iarnaois\/\" \/>\n<meta property=\"og:locale\" content=\"ga_IE\" \/>\n<meta property=\"og:type\" content=\"article\" \/>\n<meta property=\"og:title\" content=\"An Chr\u00e9-Umhaois\/An Iarnaois - West Kerry Museum\" \/>\n<meta property=\"og:description\" content=\"Is \u00e9 an Aois Chr\u00e9-umha an dara tr\u00e9imhse pr\u00edomhoide na tr\u00ed aois c\u00f3ras &#8211; Chr\u00e9- Iarann, mar at\u00e1 molta sa l\u00e1 at\u00e1 inniu ag Christian J\u00fcrgensen Thomsen, aicmi\u00fa agus ag d\u00e9anamh staid\u00e9ir sochaithe \u00e1rsa. Fuarthas na bioranna adhmaid seo, \u2018Saigheada Chom an \u00e1ir\u2019, scaipthe i bportach leathan a sh\u00edneann soir o dheas \u00f3 Bharr na [&hellip;]\" \/>\n<meta property=\"og:url\" content=\"https:\/\/westkerrymuseum.com\/ga\/catalog\/an-chre-umhaois-an-iarnaois\/\" \/>\n<meta property=\"og:site_name\" content=\"West Kerry Museum\" \/>\n<meta property=\"article:modified_time\" content=\"2019-07-21T18:23:40+00:00\" \/>\n<meta property=\"og:image\" content=\"https:\/\/westkerrymuseum.com\/\/wp-content\/uploads\/2019\/07\/01-1.jpg\" \/>\n<meta name=\"twitter:card\" content=\"summary_large_image\" \/>\n<meta name=\"twitter:label1\" content=\"Est. reading time\" \/>\n\t<meta name=\"twitter:data1\" content=\"1 minute\" \/>\n<script type=\"application\/ld+json\" class=\"yoast-schema-graph\">{\"@context\":\"https:\/\/schema.org\",\"@graph\":[{\"@type\":\"WebPage\",\"@id\":\"https:\/\/westkerrymuseum.com\/ga\/catalog\/an-chre-umhaois-an-iarnaois\/\",\"url\":\"https:\/\/westkerrymuseum.com\/ga\/catalog\/an-chre-umhaois-an-iarnaois\/\",\"name\":\"An Chr\u00e9-Umhaois\/An Iarnaois - West Kerry Museum\",\"isPartOf\":{\"@id\":\"https:\/\/westkerrymuseum.com\/ga\/#website\"},\"primaryImageOfPage\":{\"@id\":\"https:\/\/westkerrymuseum.com\/ga\/catalog\/an-chre-umhaois-an-iarnaois\/#primaryimage\"},\"image\":{\"@id\":\"https:\/\/westkerrymuseum.com\/ga\/catalog\/an-chre-umhaois-an-iarnaois\/#primaryimage\"},\"thumbnailUrl\":\"https:\/\/westkerrymuseum.com\/\/wp-content\/uploads\/2019\/07\/01-1.jpg\",\"datePublished\":\"2019-07-21T18:23:35+00:00\",\"dateModified\":\"2019-07-21T18:23:40+00:00\",\"breadcrumb\":{\"@id\":\"https:\/\/westkerrymuseum.com\/ga\/catalog\/an-chre-umhaois-an-iarnaois\/#breadcrumb\"},\"inLanguage\":\"ga-IE\",\"potentialAction\":[{\"@type\":\"ReadAction\",\"target\":[\"https:\/\/westkerrymuseum.com\/ga\/catalog\/an-chre-umhaois-an-iarnaois\/\"]}]},{\"@type\":\"ImageObject\",\"inLanguage\":\"ga-IE\",\"@id\":\"https:\/\/westkerrymuseum.com\/ga\/catalog\/an-chre-umhaois-an-iarnaois\/#primaryimage\",\"url\":\"https:\/\/westkerrymuseum.com\/\/wp-content\/uploads\/2019\/07\/01-1.jpg\",\"contentUrl\":\"https:\/\/westkerrymuseum.com\/\/wp-content\/uploads\/2019\/07\/01-1.jpg\"},{\"@type\":\"BreadcrumbList\",\"@id\":\"https:\/\/westkerrymuseum.com\/ga\/catalog\/an-chre-umhaois-an-iarnaois\/#breadcrumb\",\"itemListElement\":[{\"@type\":\"ListItem\",\"position\":1,\"name\":\"Home\",\"item\":\"https:\/\/westkerrymuseum.com\/ga\/\"},{\"@type\":\"ListItem\",\"position\":2,\"name\":\"Catalog\",\"item\":\"https:\/\/westkerrymuseum.com\/ga\/catalog\/\"},{\"@type\":\"ListItem\",\"position\":3,\"name\":\"An Chr\u00e9-Umhaois\/An Iarnaois\"}]},{\"@type\":\"WebSite\",\"@id\":\"https:\/\/westkerrymuseum.com\/ga\/#website\",\"url\":\"https:\/\/westkerrymuseum.com\/ga\/\",\"name\":\"West Kerry Museum\",\"description\":\"Culture &amp; Heritage Museum in West Kerry, Ireland\",\"publisher\":{\"@id\":\"https:\/\/westkerrymuseum.com\/ga\/#organization\"},\"potentialAction\":[{\"@type\":\"SearchAction\",\"target\":{\"@type\":\"EntryPoint\",\"urlTemplate\":\"https:\/\/westkerrymuseum.com\/ga\/?s={search_term_string}\"},\"query-input\":{\"@type\":\"PropertyValueSpecification\",\"valueRequired\":true,\"valueName\":\"search_term_string\"}}],\"inLanguage\":\"ga-IE\"},{\"@type\":\"Organization\",\"@id\":\"https:\/\/westkerrymuseum.com\/ga\/#organization\",\"name\":\"West Kerry Museum\",\"url\":\"https:\/\/westkerrymuseum.com\/ga\/\",\"logo\":{\"@type\":\"ImageObject\",\"inLanguage\":\"ga-IE\",\"@id\":\"https:\/\/westkerrymuseum.com\/ga\/#\/schema\/logo\/image\/\",\"url\":\"https:\/\/westkerrymuseum.com\/wp-content\/uploads\/2019\/08\/west-kerry-museum-logo-1.png\",\"contentUrl\":\"https:\/\/westkerrymuseum.com\/wp-content\/uploads\/2019\/08\/west-kerry-museum-logo-1.png\",\"width\":500,\"height\":219,\"caption\":\"West Kerry Museum\"},\"image\":{\"@id\":\"https:\/\/westkerrymuseum.com\/ga\/#\/schema\/logo\/image\/\"}}]}<\/script>\n<!-- \/ Yoast SEO plugin. -->","yoast_head_json":{"title":"An Chr\u00e9-Umhaois\/An Iarnaois - West Kerry Museum","robots":{"index":"index","follow":"follow","max-snippet":"max-snippet:-1","max-image-preview":"max-image-preview:large","max-video-preview":"max-video-preview:-1"},"canonical":"https:\/\/westkerrymuseum.com\/ga\/catalog\/an-chre-umhaois-an-iarnaois\/","og_locale":"ga_IE","og_type":"article","og_title":"An Chr\u00e9-Umhaois\/An Iarnaois - West Kerry Museum","og_description":"Is \u00e9 an Aois Chr\u00e9-umha an dara tr\u00e9imhse pr\u00edomhoide na tr\u00ed aois c\u00f3ras &#8211; Chr\u00e9- Iarann, mar at\u00e1 molta sa l\u00e1 at\u00e1 inniu ag Christian J\u00fcrgensen Thomsen, aicmi\u00fa agus ag d\u00e9anamh staid\u00e9ir sochaithe \u00e1rsa. Fuarthas na bioranna adhmaid seo, \u2018Saigheada Chom an \u00e1ir\u2019, scaipthe i bportach leathan a sh\u00edneann soir o dheas \u00f3 Bharr na [&hellip;]","og_url":"https:\/\/westkerrymuseum.com\/ga\/catalog\/an-chre-umhaois-an-iarnaois\/","og_site_name":"West Kerry Museum","article_modified_time":"2019-07-21T18:23:40+00:00","og_image":[{"url":"https:\/\/westkerrymuseum.com\/\/wp-content\/uploads\/2019\/07\/01-1.jpg","type":"","width":"","height":""}],"twitter_card":"summary_large_image","twitter_misc":{"Est. reading time":"1 minute"},"schema":{"@context":"https:\/\/schema.org","@graph":[{"@type":"WebPage","@id":"https:\/\/westkerrymuseum.com\/ga\/catalog\/an-chre-umhaois-an-iarnaois\/","url":"https:\/\/westkerrymuseum.com\/ga\/catalog\/an-chre-umhaois-an-iarnaois\/","name":"An Chr\u00e9-Umhaois\/An Iarnaois - West Kerry Museum","isPartOf":{"@id":"https:\/\/westkerrymuseum.com\/ga\/#website"},"primaryImageOfPage":{"@id":"https:\/\/westkerrymuseum.com\/ga\/catalog\/an-chre-umhaois-an-iarnaois\/#primaryimage"},"image":{"@id":"https:\/\/westkerrymuseum.com\/ga\/catalog\/an-chre-umhaois-an-iarnaois\/#primaryimage"},"thumbnailUrl":"https:\/\/westkerrymuseum.com\/\/wp-content\/uploads\/2019\/07\/01-1.jpg","datePublished":"2019-07-21T18:23:35+00:00","dateModified":"2019-07-21T18:23:40+00:00","breadcrumb":{"@id":"https:\/\/westkerrymuseum.com\/ga\/catalog\/an-chre-umhaois-an-iarnaois\/#breadcrumb"},"inLanguage":"ga-IE","potentialAction":[{"@type":"ReadAction","target":["https:\/\/westkerrymuseum.com\/ga\/catalog\/an-chre-umhaois-an-iarnaois\/"]}]},{"@type":"ImageObject","inLanguage":"ga-IE","@id":"https:\/\/westkerrymuseum.com\/ga\/catalog\/an-chre-umhaois-an-iarnaois\/#primaryimage","url":"https:\/\/westkerrymuseum.com\/\/wp-content\/uploads\/2019\/07\/01-1.jpg","contentUrl":"https:\/\/westkerrymuseum.com\/\/wp-content\/uploads\/2019\/07\/01-1.jpg"},{"@type":"BreadcrumbList","@id":"https:\/\/westkerrymuseum.com\/ga\/catalog\/an-chre-umhaois-an-iarnaois\/#breadcrumb","itemListElement":[{"@type":"ListItem","position":1,"name":"Home","item":"https:\/\/westkerrymuseum.com\/ga\/"},{"@type":"ListItem","position":2,"name":"Catalog","item":"https:\/\/westkerrymuseum.com\/ga\/catalog\/"},{"@type":"ListItem","position":3,"name":"An Chr\u00e9-Umhaois\/An Iarnaois"}]},{"@type":"WebSite","@id":"https:\/\/westkerrymuseum.com\/ga\/#website","url":"https:\/\/westkerrymuseum.com\/ga\/","name":"West Kerry Museum","description":"Culture &amp; Heritage Museum in West Kerry, Ireland","publisher":{"@id":"https:\/\/westkerrymuseum.com\/ga\/#organization"},"potentialAction":[{"@type":"SearchAction","target":{"@type":"EntryPoint","urlTemplate":"https:\/\/westkerrymuseum.com\/ga\/?s={search_term_string}"},"query-input":{"@type":"PropertyValueSpecification","valueRequired":true,"valueName":"search_term_string"}}],"inLanguage":"ga-IE"},{"@type":"Organization","@id":"https:\/\/westkerrymuseum.com\/ga\/#organization","name":"West Kerry Museum","url":"https:\/\/westkerrymuseum.com\/ga\/","logo":{"@type":"ImageObject","inLanguage":"ga-IE","@id":"https:\/\/westkerrymuseum.com\/ga\/#\/schema\/logo\/image\/","url":"https:\/\/westkerrymuseum.com\/wp-content\/uploads\/2019\/08\/west-kerry-museum-logo-1.png","contentUrl":"https:\/\/westkerrymuseum.com\/wp-content\/uploads\/2019\/08\/west-kerry-museum-logo-1.png","width":500,"height":219,"caption":"West Kerry Museum"},"image":{"@id":"https:\/\/westkerrymuseum.com\/ga\/#\/schema\/logo\/image\/"}}]}},"_links":{"self":[{"href":"https:\/\/westkerrymuseum.com\/ga\/wp-json\/wp\/v2\/pages\/959","targetHints":{"allow":["GET"]}}],"collection":[{"href":"https:\/\/westkerrymuseum.com\/ga\/wp-json\/wp\/v2\/pages"}],"about":[{"href":"https:\/\/westkerrymuseum.com\/ga\/wp-json\/wp\/v2\/types\/page"}],"author":[{"embeddable":true,"href":"https:\/\/westkerrymuseum.com\/ga\/wp-json\/wp\/v2\/users\/3"}],"replies":[{"embeddable":true,"href":"https:\/\/westkerrymuseum.com\/ga\/wp-json\/wp\/v2\/comments?post=959"}],"version-history":[{"count":1,"href":"https:\/\/westkerrymuseum.com\/ga\/wp-json\/wp\/v2\/pages\/959\/revisions"}],"predecessor-version":[{"id":960,"href":"https:\/\/westkerrymuseum.com\/ga\/wp-json\/wp\/v2\/pages\/959\/revisions\/960"}],"up":[{"embeddable":true,"href":"https:\/\/westkerrymuseum.com\/ga\/wp-json\/wp\/v2\/pages\/952"}],"wp:attachment":[{"href":"https:\/\/westkerrymuseum.com\/ga\/wp-json\/wp\/v2\/media?parent=959"}],"curies":[{"name":"wp","href":"https:\/\/api.w.org\/{rel}","templated":true}]}}