{"id":954,"date":"2019-07-21T18:07:10","date_gmt":"2019-07-21T18:07:10","guid":{"rendered":"https:\/\/dev14.buchanan-solutions.com?page_id=954"},"modified":"2019-07-21T18:10:59","modified_gmt":"2019-07-21T18:10:59","slug":"an-measailiotach","status":"publish","type":"page","link":"https:\/\/westkerrymuseum.com\/ga\/catalog\/an-measailiotach\/","title":{"rendered":"An M\u00e9asailiotach"},"content":{"rendered":"\n<p>An Mh\u00e9isiliteach (n\u00f3 &#8220;cloch l\u00e1r&#8221; ) Is tr\u00edimhse traidisi\u00fanta tr\u00e9imhse ama sa Domhan Sean idir an glaciation is deireana\u00ed ag deireadh na Paleolithic (~ 12,000 bliain \u00f3 shin) agus t\u00fas na Neoiliteach (~ 7000 bliain \u00f3 shin ), nuair a feirmeoireachta thosaigh pobail at\u00e1 le bun\u00fa. <\/p>\n\n\n\n<ul class=\"wp-block-gallery columns-3 is-cropped wp-block-gallery-1 is-layout-flex wp-block-gallery-is-layout-flex\"><li class=\"blocks-gallery-item\"><figure><img decoding=\"async\" width=\"130\" height=\"72\" src=\"https:\/\/westkerrymuseum.com\/\/wp-content\/uploads\/2019\/07\/01-9.jpg\" alt=\"Ferriter\" data-id=\"444\" data-link=\"https:\/\/westkerrymuseum.com\/?attachment_id=444&amp;lang=ga\" class=\"wp-image-444\"\/><\/figure><\/li><li class=\"blocks-gallery-item\"><figure><img decoding=\"async\" width=\"130\" height=\"87\" src=\"https:\/\/westkerrymuseum.com\/\/wp-content\/uploads\/2019\/07\/03-8.jpg\" alt=\"Ferriter's Cove Artefacts 02\" data-id=\"452\" data-link=\"https:\/\/westkerrymuseum.com\/?attachment_id=452&amp;lang=ga\" class=\"wp-image-452\"\/><\/figure><\/li><li class=\"blocks-gallery-item\"><figure><img decoding=\"async\" width=\"160\" height=\"107\" src=\"https:\/\/westkerrymuseum.com\/\/wp-content\/uploads\/2019\/07\/05-6.jpg\" alt=\"Ferriter's Cove Artefacts 03\" data-id=\"460\" data-link=\"https:\/\/westkerrymuseum.com\/?attachment_id=460&amp;lang=ga\" class=\"wp-image-460\"\/><\/figure><\/li><li class=\"blocks-gallery-item\"><figure><img loading=\"lazy\" decoding=\"async\" width=\"160\" height=\"107\" src=\"https:\/\/westkerrymuseum.com\/\/wp-content\/uploads\/2019\/07\/04-7.jpg\" alt=\"Ferriter's Cove Artefacts 04\" data-id=\"456\" data-link=\"https:\/\/westkerrymuseum.com\/?attachment_id=456&amp;lang=ga\" class=\"wp-image-456\"\/><\/figure><\/li><\/ul>\n\n\n\n<h4 class=\"wp-block-heading\">Iarsma \u00f3 thochailt ar Chuan an Chaoil, an Baile Uachtarach Theas.<\/h4>\n","protected":false},"excerpt":{"rendered":"<p>An Mh\u00e9isiliteach (n\u00f3 &#8220;cloch l\u00e1r&#8221; ) Is tr\u00edimhse traidisi\u00fanta tr\u00e9imhse ama sa Domhan Sean idir an glaciation is deireana\u00ed ag deireadh na Paleolithic (~ 12,000 bliain \u00f3 shin) agus t\u00fas na Neoiliteach (~ 7000 bliain \u00f3 shin ), nuair a feirmeoireachta thosaigh pobail at\u00e1 le bun\u00fa. Iarsma \u00f3 thochailt ar Chuan an Chaoil, an Baile [&hellip;]<\/p>\n","protected":false},"author":3,"featured_media":0,"parent":952,"menu_order":0,"comment_status":"closed","ping_status":"closed","template":"","meta":{"ocean_post_layout":"","ocean_both_sidebars_style":"","ocean_both_sidebars_content_width":0,"ocean_both_sidebars_sidebars_width":0,"ocean_sidebar":"","ocean_second_sidebar":"","ocean_disable_margins":"enable","ocean_add_body_class":"","ocean_shortcode_before_top_bar":"","ocean_shortcode_after_top_bar":"","ocean_shortcode_before_header":"","ocean_shortcode_after_header":"","ocean_has_shortcode":"","ocean_shortcode_after_title":"","ocean_shortcode_before_footer_widgets":"","ocean_shortcode_after_footer_widgets":"","ocean_shortcode_before_footer_bottom":"","ocean_shortcode_after_footer_bottom":"","ocean_display_top_bar":"default","ocean_display_header":"default","ocean_header_style":"","ocean_center_header_left_menu":"","ocean_custom_header_template":"","ocean_custom_logo":0,"ocean_custom_retina_logo":0,"ocean_custom_logo_max_width":0,"ocean_custom_logo_tablet_max_width":0,"ocean_custom_logo_mobile_max_width":0,"ocean_custom_logo_max_height":0,"ocean_custom_logo_tablet_max_height":0,"ocean_custom_logo_mobile_max_height":0,"ocean_header_custom_menu":"","ocean_menu_typo_font_family":"","ocean_menu_typo_font_subset":"","ocean_menu_typo_font_size":0,"ocean_menu_typo_font_size_tablet":0,"ocean_menu_typo_font_size_mobile":0,"ocean_menu_typo_font_size_unit":"px","ocean_menu_typo_font_weight":"","ocean_menu_typo_font_weight_tablet":"","ocean_menu_typo_font_weight_mobile":"","ocean_menu_typo_transform":"","ocean_menu_typo_transform_tablet":"","ocean_menu_typo_transform_mobile":"","ocean_menu_typo_line_height":0,"ocean_menu_typo_line_height_tablet":0,"ocean_menu_typo_line_height_mobile":0,"ocean_menu_typo_line_height_unit":"","ocean_menu_typo_spacing":0,"ocean_menu_typo_spacing_tablet":0,"ocean_menu_typo_spacing_mobile":0,"ocean_menu_typo_spacing_unit":"","ocean_menu_link_color":"","ocean_menu_link_color_hover":"","ocean_menu_link_color_active":"","ocean_menu_link_background":"","ocean_menu_link_hover_background":"","ocean_menu_link_active_background":"","ocean_menu_social_links_bg":"","ocean_menu_social_hover_links_bg":"","ocean_menu_social_links_color":"","ocean_menu_social_hover_links_color":"","ocean_disable_title":"default","ocean_disable_heading":"default","ocean_post_title":"","ocean_post_subheading":"","ocean_post_title_style":"","ocean_post_title_background_color":"","ocean_post_title_background":0,"ocean_post_title_bg_image_position":"","ocean_post_title_bg_image_attachment":"","ocean_post_title_bg_image_repeat":"","ocean_post_title_bg_image_size":"","ocean_post_title_height":0,"ocean_post_title_bg_overlay":0.5,"ocean_post_title_bg_overlay_color":"","ocean_disable_breadcrumbs":"default","ocean_breadcrumbs_color":"","ocean_breadcrumbs_separator_color":"","ocean_breadcrumbs_links_color":"","ocean_breadcrumbs_links_hover_color":"","ocean_display_footer_widgets":"default","ocean_display_footer_bottom":"default","ocean_custom_footer_template":"","footnotes":""},"class_list":["post-954","page","type-page","status-publish","hentry","entry"],"yoast_head":"<!-- This site is optimized with the Yoast SEO plugin v26.6 - https:\/\/yoast.com\/wordpress\/plugins\/seo\/ -->\n<title>An M\u00e9asailiotach - West Kerry Museum<\/title>\n<meta name=\"robots\" content=\"index, follow, max-snippet:-1, max-image-preview:large, max-video-preview:-1\" \/>\n<link rel=\"canonical\" href=\"https:\/\/westkerrymuseum.com\/ga\/catalog\/an-measailiotach\/\" \/>\n<meta property=\"og:locale\" content=\"ga_IE\" \/>\n<meta property=\"og:type\" content=\"article\" \/>\n<meta property=\"og:title\" content=\"An M\u00e9asailiotach - West Kerry Museum\" \/>\n<meta property=\"og:description\" content=\"An Mh\u00e9isiliteach (n\u00f3 &#8220;cloch l\u00e1r&#8221; ) Is tr\u00edimhse traidisi\u00fanta tr\u00e9imhse ama sa Domhan Sean idir an glaciation is deireana\u00ed ag deireadh na Paleolithic (~ 12,000 bliain \u00f3 shin) agus t\u00fas na Neoiliteach (~ 7000 bliain \u00f3 shin ), nuair a feirmeoireachta thosaigh pobail at\u00e1 le bun\u00fa. Iarsma \u00f3 thochailt ar Chuan an Chaoil, an Baile [&hellip;]\" \/>\n<meta property=\"og:url\" content=\"https:\/\/westkerrymuseum.com\/ga\/catalog\/an-measailiotach\/\" \/>\n<meta property=\"og:site_name\" content=\"West Kerry Museum\" \/>\n<meta property=\"article:modified_time\" content=\"2019-07-21T18:10:59+00:00\" \/>\n<meta property=\"og:image\" content=\"https:\/\/westkerrymuseum.com\/\/wp-content\/uploads\/2019\/07\/01-9.jpg\" \/>\n<meta name=\"twitter:card\" content=\"summary_large_image\" \/>\n<script type=\"application\/ld+json\" class=\"yoast-schema-graph\">{\"@context\":\"https:\/\/schema.org\",\"@graph\":[{\"@type\":\"WebPage\",\"@id\":\"https:\/\/westkerrymuseum.com\/ga\/catalog\/an-measailiotach\/\",\"url\":\"https:\/\/westkerrymuseum.com\/ga\/catalog\/an-measailiotach\/\",\"name\":\"An M\u00e9asailiotach - West Kerry Museum\",\"isPartOf\":{\"@id\":\"https:\/\/westkerrymuseum.com\/ga\/#website\"},\"primaryImageOfPage\":{\"@id\":\"https:\/\/westkerrymuseum.com\/ga\/catalog\/an-measailiotach\/#primaryimage\"},\"image\":{\"@id\":\"https:\/\/westkerrymuseum.com\/ga\/catalog\/an-measailiotach\/#primaryimage\"},\"thumbnailUrl\":\"https:\/\/westkerrymuseum.com\/\/wp-content\/uploads\/2019\/07\/01-9.jpg\",\"datePublished\":\"2019-07-21T18:07:10+00:00\",\"dateModified\":\"2019-07-21T18:10:59+00:00\",\"breadcrumb\":{\"@id\":\"https:\/\/westkerrymuseum.com\/ga\/catalog\/an-measailiotach\/#breadcrumb\"},\"inLanguage\":\"ga-IE\",\"potentialAction\":[{\"@type\":\"ReadAction\",\"target\":[\"https:\/\/westkerrymuseum.com\/ga\/catalog\/an-measailiotach\/\"]}]},{\"@type\":\"ImageObject\",\"inLanguage\":\"ga-IE\",\"@id\":\"https:\/\/westkerrymuseum.com\/ga\/catalog\/an-measailiotach\/#primaryimage\",\"url\":\"https:\/\/westkerrymuseum.com\/\/wp-content\/uploads\/2019\/07\/01-9.jpg\",\"contentUrl\":\"https:\/\/westkerrymuseum.com\/\/wp-content\/uploads\/2019\/07\/01-9.jpg\"},{\"@type\":\"BreadcrumbList\",\"@id\":\"https:\/\/westkerrymuseum.com\/ga\/catalog\/an-measailiotach\/#breadcrumb\",\"itemListElement\":[{\"@type\":\"ListItem\",\"position\":1,\"name\":\"Home\",\"item\":\"https:\/\/westkerrymuseum.com\/ga\/\"},{\"@type\":\"ListItem\",\"position\":2,\"name\":\"Catalog\",\"item\":\"https:\/\/westkerrymuseum.com\/ga\/catalog\/\"},{\"@type\":\"ListItem\",\"position\":3,\"name\":\"An M\u00e9asailiotach\"}]},{\"@type\":\"WebSite\",\"@id\":\"https:\/\/westkerrymuseum.com\/ga\/#website\",\"url\":\"https:\/\/westkerrymuseum.com\/ga\/\",\"name\":\"West Kerry Museum\",\"description\":\"Culture &amp; Heritage Museum in West Kerry, Ireland\",\"publisher\":{\"@id\":\"https:\/\/westkerrymuseum.com\/ga\/#organization\"},\"potentialAction\":[{\"@type\":\"SearchAction\",\"target\":{\"@type\":\"EntryPoint\",\"urlTemplate\":\"https:\/\/westkerrymuseum.com\/ga\/?s={search_term_string}\"},\"query-input\":{\"@type\":\"PropertyValueSpecification\",\"valueRequired\":true,\"valueName\":\"search_term_string\"}}],\"inLanguage\":\"ga-IE\"},{\"@type\":\"Organization\",\"@id\":\"https:\/\/westkerrymuseum.com\/ga\/#organization\",\"name\":\"West Kerry Museum\",\"url\":\"https:\/\/westkerrymuseum.com\/ga\/\",\"logo\":{\"@type\":\"ImageObject\",\"inLanguage\":\"ga-IE\",\"@id\":\"https:\/\/westkerrymuseum.com\/ga\/#\/schema\/logo\/image\/\",\"url\":\"https:\/\/westkerrymuseum.com\/wp-content\/uploads\/2019\/08\/west-kerry-museum-logo-1.png\",\"contentUrl\":\"https:\/\/westkerrymuseum.com\/wp-content\/uploads\/2019\/08\/west-kerry-museum-logo-1.png\",\"width\":500,\"height\":219,\"caption\":\"West Kerry Museum\"},\"image\":{\"@id\":\"https:\/\/westkerrymuseum.com\/ga\/#\/schema\/logo\/image\/\"}}]}<\/script>\n<!-- \/ Yoast SEO plugin. -->","yoast_head_json":{"title":"An M\u00e9asailiotach - West Kerry Museum","robots":{"index":"index","follow":"follow","max-snippet":"max-snippet:-1","max-image-preview":"max-image-preview:large","max-video-preview":"max-video-preview:-1"},"canonical":"https:\/\/westkerrymuseum.com\/ga\/catalog\/an-measailiotach\/","og_locale":"ga_IE","og_type":"article","og_title":"An M\u00e9asailiotach - West Kerry Museum","og_description":"An Mh\u00e9isiliteach (n\u00f3 &#8220;cloch l\u00e1r&#8221; ) Is tr\u00edimhse traidisi\u00fanta tr\u00e9imhse ama sa Domhan Sean idir an glaciation is deireana\u00ed ag deireadh na Paleolithic (~ 12,000 bliain \u00f3 shin) agus t\u00fas na Neoiliteach (~ 7000 bliain \u00f3 shin ), nuair a feirmeoireachta thosaigh pobail at\u00e1 le bun\u00fa. Iarsma \u00f3 thochailt ar Chuan an Chaoil, an Baile [&hellip;]","og_url":"https:\/\/westkerrymuseum.com\/ga\/catalog\/an-measailiotach\/","og_site_name":"West Kerry Museum","article_modified_time":"2019-07-21T18:10:59+00:00","og_image":[{"url":"https:\/\/westkerrymuseum.com\/\/wp-content\/uploads\/2019\/07\/01-9.jpg","type":"","width":"","height":""}],"twitter_card":"summary_large_image","schema":{"@context":"https:\/\/schema.org","@graph":[{"@type":"WebPage","@id":"https:\/\/westkerrymuseum.com\/ga\/catalog\/an-measailiotach\/","url":"https:\/\/westkerrymuseum.com\/ga\/catalog\/an-measailiotach\/","name":"An M\u00e9asailiotach - West Kerry Museum","isPartOf":{"@id":"https:\/\/westkerrymuseum.com\/ga\/#website"},"primaryImageOfPage":{"@id":"https:\/\/westkerrymuseum.com\/ga\/catalog\/an-measailiotach\/#primaryimage"},"image":{"@id":"https:\/\/westkerrymuseum.com\/ga\/catalog\/an-measailiotach\/#primaryimage"},"thumbnailUrl":"https:\/\/westkerrymuseum.com\/\/wp-content\/uploads\/2019\/07\/01-9.jpg","datePublished":"2019-07-21T18:07:10+00:00","dateModified":"2019-07-21T18:10:59+00:00","breadcrumb":{"@id":"https:\/\/westkerrymuseum.com\/ga\/catalog\/an-measailiotach\/#breadcrumb"},"inLanguage":"ga-IE","potentialAction":[{"@type":"ReadAction","target":["https:\/\/westkerrymuseum.com\/ga\/catalog\/an-measailiotach\/"]}]},{"@type":"ImageObject","inLanguage":"ga-IE","@id":"https:\/\/westkerrymuseum.com\/ga\/catalog\/an-measailiotach\/#primaryimage","url":"https:\/\/westkerrymuseum.com\/\/wp-content\/uploads\/2019\/07\/01-9.jpg","contentUrl":"https:\/\/westkerrymuseum.com\/\/wp-content\/uploads\/2019\/07\/01-9.jpg"},{"@type":"BreadcrumbList","@id":"https:\/\/westkerrymuseum.com\/ga\/catalog\/an-measailiotach\/#breadcrumb","itemListElement":[{"@type":"ListItem","position":1,"name":"Home","item":"https:\/\/westkerrymuseum.com\/ga\/"},{"@type":"ListItem","position":2,"name":"Catalog","item":"https:\/\/westkerrymuseum.com\/ga\/catalog\/"},{"@type":"ListItem","position":3,"name":"An M\u00e9asailiotach"}]},{"@type":"WebSite","@id":"https:\/\/westkerrymuseum.com\/ga\/#website","url":"https:\/\/westkerrymuseum.com\/ga\/","name":"West Kerry Museum","description":"Culture &amp; Heritage Museum in West Kerry, Ireland","publisher":{"@id":"https:\/\/westkerrymuseum.com\/ga\/#organization"},"potentialAction":[{"@type":"SearchAction","target":{"@type":"EntryPoint","urlTemplate":"https:\/\/westkerrymuseum.com\/ga\/?s={search_term_string}"},"query-input":{"@type":"PropertyValueSpecification","valueRequired":true,"valueName":"search_term_string"}}],"inLanguage":"ga-IE"},{"@type":"Organization","@id":"https:\/\/westkerrymuseum.com\/ga\/#organization","name":"West Kerry Museum","url":"https:\/\/westkerrymuseum.com\/ga\/","logo":{"@type":"ImageObject","inLanguage":"ga-IE","@id":"https:\/\/westkerrymuseum.com\/ga\/#\/schema\/logo\/image\/","url":"https:\/\/westkerrymuseum.com\/wp-content\/uploads\/2019\/08\/west-kerry-museum-logo-1.png","contentUrl":"https:\/\/westkerrymuseum.com\/wp-content\/uploads\/2019\/08\/west-kerry-museum-logo-1.png","width":500,"height":219,"caption":"West Kerry Museum"},"image":{"@id":"https:\/\/westkerrymuseum.com\/ga\/#\/schema\/logo\/image\/"}}]}},"_links":{"self":[{"href":"https:\/\/westkerrymuseum.com\/ga\/wp-json\/wp\/v2\/pages\/954","targetHints":{"allow":["GET"]}}],"collection":[{"href":"https:\/\/westkerrymuseum.com\/ga\/wp-json\/wp\/v2\/pages"}],"about":[{"href":"https:\/\/westkerrymuseum.com\/ga\/wp-json\/wp\/v2\/types\/page"}],"author":[{"embeddable":true,"href":"https:\/\/westkerrymuseum.com\/ga\/wp-json\/wp\/v2\/users\/3"}],"replies":[{"embeddable":true,"href":"https:\/\/westkerrymuseum.com\/ga\/wp-json\/wp\/v2\/comments?post=954"}],"version-history":[{"count":2,"href":"https:\/\/westkerrymuseum.com\/ga\/wp-json\/wp\/v2\/pages\/954\/revisions"}],"predecessor-version":[{"id":958,"href":"https:\/\/westkerrymuseum.com\/ga\/wp-json\/wp\/v2\/pages\/954\/revisions\/958"}],"up":[{"embeddable":true,"href":"https:\/\/westkerrymuseum.com\/ga\/wp-json\/wp\/v2\/pages\/952"}],"wp:attachment":[{"href":"https:\/\/westkerrymuseum.com\/ga\/wp-json\/wp\/v2\/media?parent=954"}],"curies":[{"name":"wp","href":"https:\/\/api.w.org\/{rel}","templated":true}]}}