{"id":950,"date":"2019-07-21T17:59:27","date_gmt":"2019-07-21T17:59:27","guid":{"rendered":"https:\/\/dev14.buchanan-solutions.com?page_id=950"},"modified":"2019-07-21T17:59:31","modified_gmt":"2019-07-21T17:59:31","slug":"niasc","status":"publish","type":"page","link":"https:\/\/westkerrymuseum.com\/ga\/niasc\/","title":{"rendered":"Niasc"},"content":{"rendered":"\n<ul class=\"wp-block-list\"><li><a href=\"http:\/\/www.heritagecouncil.ie\/\" target=\"_blank\" rel=\"noreferrer noopener\">The Heritage Council<\/a><\/li><li><a href=\"http:\/\/www.oidhreacht.ie\/\" target=\"_blank\" rel=\"noreferrer noopener\">Oidhreacht Chorca Dhuibhne&nbsp;<\/a>(our parent organisation, and where to go if your are looking for Irish language courses for adults).<\/li><li><a href=\"http:\/\/www.cfcd.ie\/\" target=\"_blank\" rel=\"noreferrer noopener\">Comharchumann Forbartha Chorca Dhuibhne<\/a><\/li><li><a href=\"http:\/\/www.corcadhuibhne3d.ie\/\" target=\"_blank\" rel=\"noreferrer noopener\">Corca Dduinhne 3D<\/a><\/li><li><a href=\"http:\/\/www.birdwatchireland.ie\/\" target=\"_blank\" rel=\"noreferrer noopener\">BirdWatch Ireland<\/a><\/li><li><a href=\"http:\/\/www.historyireland.com\/\" target=\"_blank\" rel=\"noreferrer noopener\">History Ireland<\/a>&nbsp;&#8211; a bi-monthly history magazine<\/li><li><a href=\"http:\/\/www.nra.ie\/Archaeology\/ArchaeologyIrelandArticles\/\" target=\"_blank\" rel=\"noreferrer noopener\">Archaeology Ireland<\/a><\/li><li><a href=\"http:\/\/www.museum.ie\/\" target=\"_blank\" rel=\"noreferrer noopener\">National Museum of Ireland<\/a><\/li><li><a href=\"http:\/\/www.ucc.ie\/en\/geology\/\" target=\"_blank\" rel=\"noreferrer noopener\">University College Cork<\/a><\/li><li><a href=\"http:\/\/www.pobail.ie\/en\/\" target=\"_blank\" rel=\"noreferrer noopener\">Department of Arts, Heritage and The Gaeltacht<\/a><\/li><li><a href=\"http:\/\/www.opw.ie\/\" target=\"_blank\" rel=\"noreferrer noopener\">Office of Public Works<\/a><\/li><li><a href=\"http:\/\/www.tripadvisor.co.uk\/Tourism-g983132-Ballyferriter_Dingle_Peninsula_County_Kerry-Vacations.html\" target=\"_blank\" rel=\"noreferrer noopener\">TripAdvisor<\/a>&nbsp;&#8211; for planning your holiday in Ireland<\/li><li><a href=\"http:\/\/www.discoverireland.ie\/\" target=\"_blank\" rel=\"noreferrer noopener\">Irish Tourist Board<\/a>&nbsp;&#8211; For information about holidays in other parts of Ireland, not just Kerry.<\/li><li><a href=\"http:\/\/www.iwdg.ie\/\" target=\"_blank\" rel=\"noreferrer noopener\">The Irish Whale and Dolphin Group<\/a>&nbsp;&#8211; to learn more about the cetaceans in our waters.<\/li><li><a href=\"http:\/\/www.rvcelticmist.ie\/\" target=\"_blank\" rel=\"noreferrer noopener\">Celtic Mist<\/a>&nbsp;&#8211; Ireland&#8217;s Whale and Dolphin Research Vessel<\/li><li><a href=\"http:\/\/www.irisharchaeologicalresearch.com\/\" target=\"_blank\" rel=\"noreferrer noopener\">Irish Archaeological Research<\/a>&nbsp;&#8211; an online community bring local heritage to a worldwide audience<\/li><li><a href=\"http:\/\/www.holidaycottages.net\/ireland\/county-kerry.htm\">Holiday Cottages<\/a><\/li><li><a href=\"http:\/\/ogham.celt.dias.ie\/menu.php\" target=\"_blank\" rel=\"noreferrer noopener\">Ogham in 3D<\/a>&nbsp;&#8211; all you ever wanted to know about ogham stones, including many on the Dingle Peninsula &#8211; as well as 3D laser-scanned images of the stones.<\/li><\/ul>\n\n\n\n<ul class=\"wp-block-list\"><li><a href=\"http:\/\/www.kerry-tour.com\/\" target=\"_blank\" rel=\"noreferrer noopener\">Kerry-tour.com<\/a>&nbsp;&#8211; information for visitors to Kerry<\/li><li><a href=\"http:\/\/www.enfo.ie\/\" target=\"_blank\" rel=\"noreferrer noopener\">ENFO<\/a><\/li><li><a href=\"http:\/\/www.rsai.ie\/\" target=\"_blank\" rel=\"noreferrer noopener\">Royal Society of Antiquaries of Ireland<\/a><\/li><li><a href=\"http:\/\/www.irishmuseums.org\/\" target=\"_blank\" rel=\"noreferrer noopener\">Irish Museums Association<\/a><\/li><li><a href=\"http:\/\/www.discoveryprogramme.ie\/\" target=\"_blank\" rel=\"noreferrer noopener\">The Discovery Programme<\/a>&nbsp;&#8211; researching aspects of the Archaeology of Ireland<\/li><li><a href=\"http:\/\/www.wordwellbooks.com\/\" target=\"_blank\" rel=\"noreferrer noopener\">Wordwell<\/a>&nbsp;&#8211; for a range of books on the Archaeology of Ireland<\/li><li><a href=\"http:\/\/www.hospice-foundation.ie\/index.php\" target=\"_blank\" rel=\"noreferrer noopener\">Irish Hospice Association<\/a><\/li><li><a href=\"http:\/\/www.alzheimer.ie\/\" target=\"_blank\" rel=\"noreferrer noopener\">Alzheimer Society of Ireland<\/a><\/li><li><a href=\"http:\/\/www.chernobylchildrenstrust.ie\/\" target=\"_blank\" rel=\"noreferrer noopener\">Chernobyl Children\u2019s Group<\/a><\/li><li><a href=\"http:\/\/www.scoilcheoil.com\/\" target=\"_blank\" rel=\"noreferrer noopener\">Scoil Cheoil an Earraigh<\/a>&nbsp;&#8211; the annual traditional music school held in Ballyferriter each February<\/li><li><a href=\"http:\/\/www.colaiste.ie\/english\/index.asp\" target=\"_blank\" rel=\"noreferrer noopener\">Col\u00e1ist\u00ed Chorca\u00ed Dhuibhne<\/a><\/li><li><a href=\"http:\/\/www.dingle-peninsula.ie\/\" target=\"_blank\" rel=\"noreferrer noopener\">Dingle Peninsula Tourism<\/a>&nbsp;&#8211; this site will provide you with all the information you may need with regard to all aspects of your holiday in this beautiful part of Kerry.<\/li><li><a href=\"http:\/\/www.ghaward.ie\/\" target=\"_blank\" rel=\"noreferrer noopener\">Green Hospitality Awards<\/a><\/li><li><a href=\"http:\/\/www.gokerry.ie\/\" target=\"_blank\" rel=\"noreferrer noopener\">Go Kerry<\/a>&nbsp;&#8211; promoting grassroots tourism in Kerry<\/li><li><a href=\"http:\/\/catalogue.nli.ie\/\" target=\"_blank\" rel=\"noreferrer noopener\">National Library of Ireland<\/a>&nbsp;&#8211; links to the catalogue of photographs in the National Library collection that are specifically of people and places on the Dingle Peninsula<\/li><li><a href=\"http:\/\/www.dingleway.com\/\" target=\"_blank\" rel=\"noreferrer noopener\">The Dingle Way<\/a><\/li><li><a href=\"http:\/\/www.irishtourist.com\/\" target=\"_blank\" rel=\"noreferrer noopener\">Irishtourist.com<\/a>&nbsp;Ireland Hotels and Tourism Guide<\/li><\/ul>\n\n\n\n<ul class=\"wp-block-list\"><li><a href=\"http:\/\/www.heritagecouncil.ie\/\" target=\"_blank\" rel=\"noreferrer noopener\">The Heritage Council<\/a><\/li><li><a href=\"http:\/\/www.oidhreacht.ie\/\" target=\"_blank\" rel=\"noreferrer noopener\">Oidhreacht Chorca Dhuibhne&nbsp;<\/a>(our parent organisation, and where to go if your are looking for Irish language courses for adults).<\/li><li><a href=\"http:\/\/www.cfcd.ie\/\" target=\"_blank\" rel=\"noreferrer noopener\">Comharchumann Forbartha Chorca Dhuibhne<\/a><\/li><li><a href=\"http:\/\/www.corcadhuibhne3d.ie\/\" target=\"_blank\" rel=\"noreferrer noopener\">Corca Dduinhne 3D<\/a><\/li><li><a href=\"http:\/\/www.birdwatchireland.ie\/\" target=\"_blank\" rel=\"noreferrer noopener\">BirdWatch Ireland<\/a><\/li><li><a href=\"http:\/\/www.historyireland.com\/\" target=\"_blank\" rel=\"noreferrer noopener\">History Ireland<\/a>&nbsp;&#8211; a bi-monthly history magazine<\/li><li><a href=\"http:\/\/www.nra.ie\/Archaeology\/ArchaeologyIrelandArticles\/\" target=\"_blank\" rel=\"noreferrer noopener\">Archaeology Ireland<\/a><\/li><li><a href=\"http:\/\/www.museum.ie\/\" target=\"_blank\" rel=\"noreferrer noopener\">National Museum of Ireland<\/a><\/li><li><a href=\"http:\/\/www.ucc.ie\/en\/geology\/\" target=\"_blank\" rel=\"noreferrer noopener\">University College Cork<\/a><\/li><li><a href=\"http:\/\/www.pobail.ie\/en\/\" target=\"_blank\" rel=\"noreferrer noopener\">Department of Arts, Heritage and The Gaeltacht<\/a><\/li><li><a href=\"http:\/\/www.opw.ie\/\" target=\"_blank\" rel=\"noreferrer noopener\">Office of Public Works<\/a><\/li><li><a href=\"http:\/\/www.tripadvisor.co.uk\/Tourism-g983132-Ballyferriter_Dingle_Peninsula_County_Kerry-Vacations.html\" target=\"_blank\" rel=\"noreferrer noopener\">TripAdvisor<\/a>&nbsp;&#8211; for planning your holiday in Ireland<\/li><li><a href=\"http:\/\/www.discoverireland.ie\/\" target=\"_blank\" rel=\"noreferrer noopener\">Irish Tourist Board<\/a>&nbsp;&#8211; For information about holidays in other parts of Ireland, not just Kerry.<\/li><li><a href=\"http:\/\/www.iwdg.ie\/\" target=\"_blank\" rel=\"noreferrer noopener\">The Irish Whale and Dolphin Group<\/a>&nbsp;&#8211; to learn more about the cetaceans in our waters.<\/li><li><a href=\"http:\/\/www.rvcelticmist.ie\/\" target=\"_blank\" rel=\"noreferrer noopener\">Celtic Mist<\/a>&nbsp;&#8211; Ireland&#8217;s Whale and Dolphin Research Vessel<\/li><li><a href=\"http:\/\/www.irisharchaeologicalresearch.com\/\" target=\"_blank\" rel=\"noreferrer noopener\">Irish Archaeological Research<\/a>&nbsp;&#8211; an online community bring local heritage to a worldwide audience<\/li><li><a href=\"http:\/\/www.holidaycottages.net\/ireland\/county-kerry.htm\">Holiday Cottages<\/a><\/li><li><a href=\"http:\/\/ogham.celt.dias.ie\/menu.php\" target=\"_blank\" rel=\"noreferrer noopener\">Ogham in 3D<\/a>&nbsp;&#8211; all you ever wanted to know about ogham stones, including many on the Dingle Peninsula &#8211; as well as 3D laser-scanned images of the stones.<\/li><\/ul>\n\n\n\n<ul class=\"wp-block-list\"><li><a href=\"http:\/\/www.kerry-tour.com\/\" target=\"_blank\" rel=\"noreferrer noopener\">Kerry-tour.com<\/a>&nbsp;&#8211; information for visitors to Kerry<\/li><li><a href=\"http:\/\/www.enfo.ie\/\" target=\"_blank\" rel=\"noreferrer noopener\">ENFO<\/a><\/li><li><a href=\"http:\/\/www.rsai.ie\/\" target=\"_blank\" rel=\"noreferrer noopener\">Royal Society of Antiquaries of Ireland<\/a><\/li><li><a href=\"http:\/\/www.irishmuseums.org\/\" target=\"_blank\" rel=\"noreferrer noopener\">Irish Museums Association<\/a><\/li><li><a href=\"http:\/\/www.discoveryprogramme.ie\/\" target=\"_blank\" rel=\"noreferrer noopener\">The Discovery Programme<\/a>&nbsp;&#8211; researching aspects of the Archaeology of Ireland<\/li><li><a href=\"http:\/\/www.wordwellbooks.com\/\" target=\"_blank\" rel=\"noreferrer noopener\">Wordwell<\/a>&nbsp;&#8211; for a range of books on the Archaeology of Ireland<\/li><li><a href=\"http:\/\/www.hospice-foundation.ie\/index.php\" target=\"_blank\" rel=\"noreferrer noopener\">Irish Hospice Association<\/a><\/li><li><a href=\"http:\/\/www.alzheimer.ie\/\" target=\"_blank\" rel=\"noreferrer noopener\">Alzheimer Society of Ireland<\/a><\/li><li><a href=\"http:\/\/www.chernobylchildrenstrust.ie\/\" target=\"_blank\" rel=\"noreferrer noopener\">Chernobyl Children\u2019s Group<\/a><\/li><li><a href=\"http:\/\/www.scoilcheoil.com\/\" target=\"_blank\" rel=\"noreferrer noopener\">Scoil Cheoil an Earraigh<\/a>&nbsp;&#8211; the annual traditional music school held in Ballyferriter each February<\/li><li><a href=\"http:\/\/www.colaiste.ie\/english\/index.asp\" target=\"_blank\" rel=\"noreferrer noopener\">Col\u00e1ist\u00ed Chorca\u00ed Dhuibhne<\/a><\/li><li><a href=\"http:\/\/www.dingle-peninsula.ie\/\" target=\"_blank\" rel=\"noreferrer noopener\">Dingle Peninsula Tourism<\/a>&nbsp;&#8211; this site will provide you with all the information you may need with regard to all aspects of your holiday in this beautiful part of Kerry.<\/li><li><a href=\"http:\/\/www.ghaward.ie\/\" target=\"_blank\" rel=\"noreferrer noopener\">Green Hospitality Awards<\/a><\/li><li><a href=\"http:\/\/www.gokerry.ie\/\" target=\"_blank\" rel=\"noreferrer noopener\">Go Kerry<\/a>&nbsp;&#8211; promoting grassroots tourism in Kerry<\/li><li><a href=\"http:\/\/catalogue.nli.ie\/\" target=\"_blank\" rel=\"noreferrer noopener\">National Library of Ireland<\/a>&nbsp;&#8211; links to the catalogue of photographs in the National Library collection that are specifically of people and places on the Dingle Peninsula<\/li><li><a href=\"http:\/\/www.dingleway.com\/\" target=\"_blank\" rel=\"noreferrer noopener\">The Dingle Way<\/a><\/li><li><a href=\"http:\/\/www.irishtourist.com\/\" target=\"_blank\" rel=\"noreferrer noopener\">Irishtourist.com<\/a>&nbsp;Ireland Hotels and Tourism Guide<\/li><\/ul>\n","protected":false},"excerpt":{"rendered":"<p>The Heritage Council Oidhreacht Chorca Dhuibhne&nbsp;(our parent organisation, and where to go if your are looking for Irish language courses for adults). Comharchumann Forbartha Chorca Dhuibhne Corca Dduinhne 3D BirdWatch Ireland History Ireland&nbsp;&#8211; a bi-monthly history magazine Archaeology Ireland National Museum of Ireland University College Cork Department of Arts, Heritage and The Gaeltacht Office of [&hellip;]<\/p>\n","protected":false},"author":3,"featured_media":0,"parent":0,"menu_order":0,"comment_status":"closed","ping_status":"closed","template":"","meta":{"ocean_post_layout":"","ocean_both_sidebars_style":"","ocean_both_sidebars_content_width":0,"ocean_both_sidebars_sidebars_width":0,"ocean_sidebar":"","ocean_second_sidebar":"","ocean_disable_margins":"enable","ocean_add_body_class":"","ocean_shortcode_before_top_bar":"","ocean_shortcode_after_top_bar":"","ocean_shortcode_before_header":"","ocean_shortcode_after_header":"","ocean_has_shortcode":"","ocean_shortcode_after_title":"","ocean_shortcode_before_footer_widgets":"","ocean_shortcode_after_footer_widgets":"","ocean_shortcode_before_footer_bottom":"","ocean_shortcode_after_footer_bottom":"","ocean_display_top_bar":"default","ocean_display_header":"default","ocean_header_style":"","ocean_center_header_left_menu":"","ocean_custom_header_template":"","ocean_custom_logo":0,"ocean_custom_retina_logo":0,"ocean_custom_logo_max_width":0,"ocean_custom_logo_tablet_max_width":0,"ocean_custom_logo_mobile_max_width":0,"ocean_custom_logo_max_height":0,"ocean_custom_logo_tablet_max_height":0,"ocean_custom_logo_mobile_max_height":0,"ocean_header_custom_menu":"","ocean_menu_typo_font_family":"","ocean_menu_typo_font_subset":"","ocean_menu_typo_font_size":0,"ocean_menu_typo_font_size_tablet":0,"ocean_menu_typo_font_size_mobile":0,"ocean_menu_typo_font_size_unit":"px","ocean_menu_typo_font_weight":"","ocean_menu_typo_font_weight_tablet":"","ocean_menu_typo_font_weight_mobile":"","ocean_menu_typo_transform":"","ocean_menu_typo_transform_tablet":"","ocean_menu_typo_transform_mobile":"","ocean_menu_typo_line_height":0,"ocean_menu_typo_line_height_tablet":0,"ocean_menu_typo_line_height_mobile":0,"ocean_menu_typo_line_height_unit":"","ocean_menu_typo_spacing":0,"ocean_menu_typo_spacing_tablet":0,"ocean_menu_typo_spacing_mobile":0,"ocean_menu_typo_spacing_unit":"","ocean_menu_link_color":"","ocean_menu_link_color_hover":"","ocean_menu_link_color_active":"","ocean_menu_link_background":"","ocean_menu_link_hover_background":"","ocean_menu_link_active_background":"","ocean_menu_social_links_bg":"","ocean_menu_social_hover_links_bg":"","ocean_menu_social_links_color":"","ocean_menu_social_hover_links_color":"","ocean_disable_title":"default","ocean_disable_heading":"default","ocean_post_title":"","ocean_post_subheading":"","ocean_post_title_style":"","ocean_post_title_background_color":"","ocean_post_title_background":0,"ocean_post_title_bg_image_position":"","ocean_post_title_bg_image_attachment":"","ocean_post_title_bg_image_repeat":"","ocean_post_title_bg_image_size":"","ocean_post_title_height":0,"ocean_post_title_bg_overlay":0.5,"ocean_post_title_bg_overlay_color":"","ocean_disable_breadcrumbs":"default","ocean_breadcrumbs_color":"","ocean_breadcrumbs_separator_color":"","ocean_breadcrumbs_links_color":"","ocean_breadcrumbs_links_hover_color":"","ocean_display_footer_widgets":"default","ocean_display_footer_bottom":"default","ocean_custom_footer_template":"","footnotes":""},"class_list":["post-950","page","type-page","status-publish","hentry","entry"],"yoast_head":"<!-- This site is optimized with the Yoast SEO plugin v26.6 - https:\/\/yoast.com\/wordpress\/plugins\/seo\/ -->\n<title>Niasc - West Kerry Museum<\/title>\n<meta name=\"robots\" content=\"index, follow, max-snippet:-1, max-image-preview:large, max-video-preview:-1\" \/>\n<link rel=\"canonical\" href=\"https:\/\/westkerrymuseum.com\/ga\/niasc\/\" \/>\n<meta property=\"og:locale\" content=\"ga_IE\" \/>\n<meta property=\"og:type\" content=\"article\" \/>\n<meta property=\"og:title\" content=\"Niasc - West Kerry Museum\" \/>\n<meta property=\"og:description\" content=\"The Heritage Council Oidhreacht Chorca Dhuibhne&nbsp;(our parent organisation, and where to go if your are looking for Irish language courses for adults). Comharchumann Forbartha Chorca Dhuibhne Corca Dduinhne 3D BirdWatch Ireland History Ireland&nbsp;&#8211; a bi-monthly history magazine Archaeology Ireland National Museum of Ireland University College Cork Department of Arts, Heritage and The Gaeltacht Office of [&hellip;]\" \/>\n<meta property=\"og:url\" content=\"https:\/\/westkerrymuseum.com\/ga\/niasc\/\" \/>\n<meta property=\"og:site_name\" content=\"West Kerry Museum\" \/>\n<meta property=\"article:modified_time\" content=\"2019-07-21T17:59:31+00:00\" \/>\n<meta name=\"twitter:card\" content=\"summary_large_image\" \/>\n<meta name=\"twitter:label1\" content=\"Est. reading time\" \/>\n\t<meta name=\"twitter:data1\" content=\"3 minutes\" \/>\n<script type=\"application\/ld+json\" class=\"yoast-schema-graph\">{\"@context\":\"https:\/\/schema.org\",\"@graph\":[{\"@type\":\"WebPage\",\"@id\":\"https:\/\/westkerrymuseum.com\/ga\/niasc\/\",\"url\":\"https:\/\/westkerrymuseum.com\/ga\/niasc\/\",\"name\":\"Niasc - West Kerry Museum\",\"isPartOf\":{\"@id\":\"https:\/\/westkerrymuseum.com\/ga\/#website\"},\"datePublished\":\"2019-07-21T17:59:27+00:00\",\"dateModified\":\"2019-07-21T17:59:31+00:00\",\"breadcrumb\":{\"@id\":\"https:\/\/westkerrymuseum.com\/ga\/niasc\/#breadcrumb\"},\"inLanguage\":\"ga-IE\",\"potentialAction\":[{\"@type\":\"ReadAction\",\"target\":[\"https:\/\/westkerrymuseum.com\/ga\/niasc\/\"]}]},{\"@type\":\"BreadcrumbList\",\"@id\":\"https:\/\/westkerrymuseum.com\/ga\/niasc\/#breadcrumb\",\"itemListElement\":[{\"@type\":\"ListItem\",\"position\":1,\"name\":\"Home\",\"item\":\"https:\/\/westkerrymuseum.com\/ga\/\"},{\"@type\":\"ListItem\",\"position\":2,\"name\":\"Niasc\"}]},{\"@type\":\"WebSite\",\"@id\":\"https:\/\/westkerrymuseum.com\/ga\/#website\",\"url\":\"https:\/\/westkerrymuseum.com\/ga\/\",\"name\":\"West Kerry Museum\",\"description\":\"Culture &amp; Heritage Museum in West Kerry, Ireland\",\"publisher\":{\"@id\":\"https:\/\/westkerrymuseum.com\/ga\/#organization\"},\"potentialAction\":[{\"@type\":\"SearchAction\",\"target\":{\"@type\":\"EntryPoint\",\"urlTemplate\":\"https:\/\/westkerrymuseum.com\/ga\/?s={search_term_string}\"},\"query-input\":{\"@type\":\"PropertyValueSpecification\",\"valueRequired\":true,\"valueName\":\"search_term_string\"}}],\"inLanguage\":\"ga-IE\"},{\"@type\":\"Organization\",\"@id\":\"https:\/\/westkerrymuseum.com\/ga\/#organization\",\"name\":\"West Kerry Museum\",\"url\":\"https:\/\/westkerrymuseum.com\/ga\/\",\"logo\":{\"@type\":\"ImageObject\",\"inLanguage\":\"ga-IE\",\"@id\":\"https:\/\/westkerrymuseum.com\/ga\/#\/schema\/logo\/image\/\",\"url\":\"https:\/\/westkerrymuseum.com\/wp-content\/uploads\/2019\/08\/west-kerry-museum-logo-1.png\",\"contentUrl\":\"https:\/\/westkerrymuseum.com\/wp-content\/uploads\/2019\/08\/west-kerry-museum-logo-1.png\",\"width\":500,\"height\":219,\"caption\":\"West Kerry Museum\"},\"image\":{\"@id\":\"https:\/\/westkerrymuseum.com\/ga\/#\/schema\/logo\/image\/\"}}]}<\/script>\n<!-- \/ Yoast SEO plugin. -->","yoast_head_json":{"title":"Niasc - West Kerry Museum","robots":{"index":"index","follow":"follow","max-snippet":"max-snippet:-1","max-image-preview":"max-image-preview:large","max-video-preview":"max-video-preview:-1"},"canonical":"https:\/\/westkerrymuseum.com\/ga\/niasc\/","og_locale":"ga_IE","og_type":"article","og_title":"Niasc - West Kerry Museum","og_description":"The Heritage Council Oidhreacht Chorca Dhuibhne&nbsp;(our parent organisation, and where to go if your are looking for Irish language courses for adults). Comharchumann Forbartha Chorca Dhuibhne Corca Dduinhne 3D BirdWatch Ireland History Ireland&nbsp;&#8211; a bi-monthly history magazine Archaeology Ireland National Museum of Ireland University College Cork Department of Arts, Heritage and The Gaeltacht Office of [&hellip;]","og_url":"https:\/\/westkerrymuseum.com\/ga\/niasc\/","og_site_name":"West Kerry Museum","article_modified_time":"2019-07-21T17:59:31+00:00","twitter_card":"summary_large_image","twitter_misc":{"Est. reading time":"3 minutes"},"schema":{"@context":"https:\/\/schema.org","@graph":[{"@type":"WebPage","@id":"https:\/\/westkerrymuseum.com\/ga\/niasc\/","url":"https:\/\/westkerrymuseum.com\/ga\/niasc\/","name":"Niasc - West Kerry Museum","isPartOf":{"@id":"https:\/\/westkerrymuseum.com\/ga\/#website"},"datePublished":"2019-07-21T17:59:27+00:00","dateModified":"2019-07-21T17:59:31+00:00","breadcrumb":{"@id":"https:\/\/westkerrymuseum.com\/ga\/niasc\/#breadcrumb"},"inLanguage":"ga-IE","potentialAction":[{"@type":"ReadAction","target":["https:\/\/westkerrymuseum.com\/ga\/niasc\/"]}]},{"@type":"BreadcrumbList","@id":"https:\/\/westkerrymuseum.com\/ga\/niasc\/#breadcrumb","itemListElement":[{"@type":"ListItem","position":1,"name":"Home","item":"https:\/\/westkerrymuseum.com\/ga\/"},{"@type":"ListItem","position":2,"name":"Niasc"}]},{"@type":"WebSite","@id":"https:\/\/westkerrymuseum.com\/ga\/#website","url":"https:\/\/westkerrymuseum.com\/ga\/","name":"West Kerry Museum","description":"Culture &amp; Heritage Museum in West Kerry, Ireland","publisher":{"@id":"https:\/\/westkerrymuseum.com\/ga\/#organization"},"potentialAction":[{"@type":"SearchAction","target":{"@type":"EntryPoint","urlTemplate":"https:\/\/westkerrymuseum.com\/ga\/?s={search_term_string}"},"query-input":{"@type":"PropertyValueSpecification","valueRequired":true,"valueName":"search_term_string"}}],"inLanguage":"ga-IE"},{"@type":"Organization","@id":"https:\/\/westkerrymuseum.com\/ga\/#organization","name":"West Kerry Museum","url":"https:\/\/westkerrymuseum.com\/ga\/","logo":{"@type":"ImageObject","inLanguage":"ga-IE","@id":"https:\/\/westkerrymuseum.com\/ga\/#\/schema\/logo\/image\/","url":"https:\/\/westkerrymuseum.com\/wp-content\/uploads\/2019\/08\/west-kerry-museum-logo-1.png","contentUrl":"https:\/\/westkerrymuseum.com\/wp-content\/uploads\/2019\/08\/west-kerry-museum-logo-1.png","width":500,"height":219,"caption":"West Kerry Museum"},"image":{"@id":"https:\/\/westkerrymuseum.com\/ga\/#\/schema\/logo\/image\/"}}]}},"_links":{"self":[{"href":"https:\/\/westkerrymuseum.com\/ga\/wp-json\/wp\/v2\/pages\/950","targetHints":{"allow":["GET"]}}],"collection":[{"href":"https:\/\/westkerrymuseum.com\/ga\/wp-json\/wp\/v2\/pages"}],"about":[{"href":"https:\/\/westkerrymuseum.com\/ga\/wp-json\/wp\/v2\/types\/page"}],"author":[{"embeddable":true,"href":"https:\/\/westkerrymuseum.com\/ga\/wp-json\/wp\/v2\/users\/3"}],"replies":[{"embeddable":true,"href":"https:\/\/westkerrymuseum.com\/ga\/wp-json\/wp\/v2\/comments?post=950"}],"version-history":[{"count":1,"href":"https:\/\/westkerrymuseum.com\/ga\/wp-json\/wp\/v2\/pages\/950\/revisions"}],"predecessor-version":[{"id":951,"href":"https:\/\/westkerrymuseum.com\/ga\/wp-json\/wp\/v2\/pages\/950\/revisions\/951"}],"wp:attachment":[{"href":"https:\/\/westkerrymuseum.com\/ga\/wp-json\/wp\/v2\/media?parent=950"}],"curies":[{"name":"wp","href":"https:\/\/api.w.org\/{rel}","templated":true}]}}