{"id":805,"date":"2019-07-17T16:20:28","date_gmt":"2019-07-17T16:20:28","guid":{"rendered":"https:\/\/dev14.buchanan-solutions.com?page_id=805"},"modified":"2019-09-23T11:33:31","modified_gmt":"2019-09-23T11:33:31","slug":"about","status":"publish","type":"page","link":"https:\/\/westkerrymuseum.com\/ga\/about\/","title":{"rendered":"About"},"content":{"rendered":"\t\t<div data-elementor-type=\"wp-post\" data-elementor-id=\"805\" class=\"elementor elementor-805 elementor-798\" data-elementor-post-type=\"page\">\n\t\t\t\t\t\t<section class=\"elementor-section elementor-top-section elementor-element elementor-element-68b39275 elementor-section-boxed elementor-section-height-default elementor-section-height-default\" data-id=\"68b39275\" data-element_type=\"section\">\n\t\t\t\t\t\t<div class=\"elementor-container elementor-column-gap-default\">\n\t\t\t\t\t<div class=\"elementor-column elementor-col-100 elementor-top-column elementor-element elementor-element-24314441\" data-id=\"24314441\" data-element_type=\"column\">\n\t\t\t<div class=\"elementor-widget-wrap elementor-element-populated\">\n\t\t\t\t\t\t<div class=\"elementor-element elementor-element-115634e1 elementor-widget elementor-widget-text-editor\" data-id=\"115634e1\" data-element_type=\"widget\" data-widget_type=\"text-editor.default\">\n\t\t\t\t<div class=\"elementor-widget-container\">\n\t\t\t\t\t\t\t\t\t\n<p>T\u00e1 M\u00fasaem Chorca Dhuibhne lonnaithe sa seana-thigh scoile (a t\u00f3gadh sa bhliain 1875 &#8211; s\u00e9adchomhartha ann f\u00e9in!) i mBaile an Fheirt\u00e9araigh, 13 km (8 m\u00edle) siar \u00f3 bhaile iascaireachta an Daingin, in iarthar Chorca Dhuibhne, Co. Chiarra\u00ed, ceantar aoibhinn in iar-dheisceart na h\u00c9ireann.<\/p>\n\n\n\n<p>T\u00e1 an m\u00fasaem ar oscailt \u00f3n 10.00 &#8211; 5.00&nbsp;7 l\u00e1 na seachtaine (10:00 r.n &#8211; 5:00 i.n., gach l\u00e1 don samhraidh \u00f3n deireadh M\u00ed Bealtaine go l\u00e1r Me\u00e1n F\u00f3mhair). Is f\u00e9idir teangabh\u00e1il linn chun socr\u00fa a dh\u00e9anmh m\u00e1 teasta\u00edonn ort cuairt a dh\u00e9anmh i rith an geimreadh.<\/p>\n\n\n\n<p>Ins an mh\u00fasaem gheobhaidh t\u00fa \u00e9achtaint ar gheola\u00edocht, ar sheand\u00e1la\u00edocht agus ar stair na leithinise. T\u00e1 cuid dos na hiarsma\u00ed ar iasacht \u00f3 Ard-Mh\u00fasaem na h\u00c9ireann, agus t\u00e1imid an-bhu\u00edoch d\u00edobh astu sin.<\/p>\n\n\n\n<p>B\u00edonn cl\u00e1r taispe\u00e1ntais\u00ed taistil bliant\u00fail ar \u00e1bhair dhifri\u00fala againn chomh maith. (Taispe\u00e1ntais\u00ed Taistil).<\/p>\n\n\n\n<p>T\u00e1 sp\u00e1s \u00farnua curtha ar f\u00e1il sa Mh\u00fasaem do thaispe\u00e1ntais\u00ed sealadacha chomh maith le taispe\u00e1ntais\u00ed taistil. T\u00e1 f\u00e1ilte roimh ghr\u00fapa\u00ed \u00f3n gceantar a bheadh suim acu taispe\u00e1ntas a reacht\u00e1il an \u00e1is seo a \u00fas\u00e1id tr\u00e9 dhul i dteangbh\u00e1il leis an gCaomhn\u00f3ir.<\/p>\n\n\n\n<p>Ins an mh\u00fasaem, t\u00e1 caf\u00e9 chomh maith le siopa leabhar. T\u00e1 rogha caif\u00e9 ann, agus cist\u00ed chomh maith. Oscl\u00f3far an m\u00faseam duit sa gheimhreadh ach \u00e9 a iarraidh go speisialta.T\u00e1im\u00edd ana-bhu\u00edoch don Roinn&nbsp;Cult\u00fair, Oidhreachta&nbsp;agus&nbsp;Gaeltachta,&nbsp;agus an gComhairle Oidhreachta,&nbsp;as a dtaca\u00edocht.Bain taitneamh as do thuras!\n\n<\/p>\n\n\n\n<figure class=\"wp-block-image\"><img fetchpriority=\"high\" decoding=\"async\" width=\"376\" height=\"251\" src=\"https:\/\/westkerrymuseum.com\/wp-content\/uploads\/2019\/07\/10-2.jpg\" alt=\"Exhibits at West Kerry Museum\" class=\"wp-image-330\" srcset=\"https:\/\/westkerrymuseum.com\/wp-content\/uploads\/2019\/07\/10-2.jpg 376w, https:\/\/westkerrymuseum.com\/wp-content\/uploads\/2019\/07\/10-2-300x200.jpg 300w\" sizes=\"(max-width: 376px) 100vw, 376px\" \/><\/figure>\n\n\n\n<figure class=\"wp-block-image\"><img decoding=\"async\" width=\"640\" height=\"480\" src=\"https:\/\/westkerrymuseum.com\/wp-content\/uploads\/2019\/07\/mus-beag.jpg\" alt=\"Outside view of West Kerry Museum\" class=\"wp-image-358\" srcset=\"https:\/\/westkerrymuseum.com\/wp-content\/uploads\/2019\/07\/mus-beag.jpg 640w, https:\/\/westkerrymuseum.com\/wp-content\/uploads\/2019\/07\/mus-beag-300x225.jpg 300w\" sizes=\"(max-width: 640px) 100vw, 640px\" \/><\/figure>\n\t\t\t\t\t\t\t\t<\/div>\n\t\t\t\t<\/div>\n\t\t\t\t\t<\/div>\n\t\t<\/div>\n\t\t\t\t\t<\/div>\n\t\t<\/section>\n\t\t\t\t<section class=\"elementor-section elementor-top-section elementor-element elementor-element-6188b48 elementor-section-boxed elementor-section-height-default elementor-section-height-default\" data-id=\"6188b48\" data-element_type=\"section\">\n\t\t\t\t\t\t<div class=\"elementor-container elementor-column-gap-default\">\n\t\t\t\t\t<div class=\"elementor-column elementor-col-100 elementor-top-column elementor-element elementor-element-334781c\" data-id=\"334781c\" data-element_type=\"column\">\n\t\t\t<div class=\"elementor-widget-wrap elementor-element-populated\">\n\t\t\t\t\t\t<div class=\"elementor-element elementor-element-686eaa7 elementor-widget elementor-widget-video\" data-id=\"686eaa7\" data-element_type=\"widget\" data-settings=\"{&quot;video_type&quot;:&quot;vimeo&quot;}\" data-widget_type=\"video.default\">\n\t\t\t\t<div class=\"elementor-widget-container\">\n\t\t\t\t\t\t\t<div class=\"elementor-wrapper elementor-open-inline\">\n\t\t\t<iframe class=\"elementor-video-iframe\" allowfullscreen allow=\"clipboard-write\" title=\"vimeo Video Player\" src=\"https:\/\/player.vimeo.com\/video\/123104914?color&amp;autopause=0&amp;loop=0&amp;muted=0&amp;title=1&amp;portrait=1&amp;byline=1#t=\"><\/iframe>\t\t<\/div>\n\t\t\t\t\t\t<\/div>\n\t\t\t\t<\/div>\n\t\t\t\t\t<\/div>\n\t\t<\/div>\n\t\t\t\t\t<\/div>\n\t\t<\/section>\n\t\t\t\t<\/div>\n\t\t","protected":false},"excerpt":{"rendered":"<p>T\u00e1 M\u00fasaem Chorca Dhuibhne lonnaithe sa seana-thigh scoile (a t\u00f3gadh sa bhliain 1875 &#8211; s\u00e9adchomhartha ann f\u00e9in!) i mBaile an Fheirt\u00e9araigh, 13 km (8 m\u00edle) siar \u00f3 bhaile iascaireachta an Daingin, in iarthar Chorca Dhuibhne, Co. Chiarra\u00ed, ceantar aoibhinn in iar-dheisceart na h\u00c9ireann. T\u00e1 an m\u00fasaem ar oscailt \u00f3n 10.00 &#8211; 5.00&nbsp;7 l\u00e1 na seachtaine [&hellip;]<\/p>\n","protected":false},"author":1,"featured_media":1407,"parent":0,"menu_order":0,"comment_status":"closed","ping_status":"closed","template":"","meta":{"ocean_post_layout":"","ocean_both_sidebars_style":"","ocean_both_sidebars_content_width":0,"ocean_both_sidebars_sidebars_width":0,"ocean_sidebar":"0","ocean_second_sidebar":"0","ocean_disable_margins":"enable","ocean_add_body_class":"","ocean_shortcode_before_top_bar":"","ocean_shortcode_after_top_bar":"","ocean_shortcode_before_header":"","ocean_shortcode_after_header":"","ocean_has_shortcode":"","ocean_shortcode_after_title":"","ocean_shortcode_before_footer_widgets":"","ocean_shortcode_after_footer_widgets":"","ocean_shortcode_before_footer_bottom":"","ocean_shortcode_after_footer_bottom":"","ocean_display_top_bar":"default","ocean_display_header":"default","ocean_header_style":"","ocean_center_header_left_menu":"0","ocean_custom_header_template":"0","ocean_custom_logo":0,"ocean_custom_retina_logo":0,"ocean_custom_logo_max_width":0,"ocean_custom_logo_tablet_max_width":0,"ocean_custom_logo_mobile_max_width":0,"ocean_custom_logo_max_height":0,"ocean_custom_logo_tablet_max_height":0,"ocean_custom_logo_mobile_max_height":0,"ocean_header_custom_menu":"0","ocean_menu_typo_font_family":"0","ocean_menu_typo_font_subset":"","ocean_menu_typo_font_size":0,"ocean_menu_typo_font_size_tablet":0,"ocean_menu_typo_font_size_mobile":0,"ocean_menu_typo_font_size_unit":"px","ocean_menu_typo_font_weight":"","ocean_menu_typo_font_weight_tablet":"","ocean_menu_typo_font_weight_mobile":"","ocean_menu_typo_transform":"","ocean_menu_typo_transform_tablet":"","ocean_menu_typo_transform_mobile":"","ocean_menu_typo_line_height":0,"ocean_menu_typo_line_height_tablet":0,"ocean_menu_typo_line_height_mobile":0,"ocean_menu_typo_line_height_unit":"","ocean_menu_typo_spacing":0,"ocean_menu_typo_spacing_tablet":0,"ocean_menu_typo_spacing_mobile":0,"ocean_menu_typo_spacing_unit":"","ocean_menu_link_color":"","ocean_menu_link_color_hover":"","ocean_menu_link_color_active":"","ocean_menu_link_background":"","ocean_menu_link_hover_background":"","ocean_menu_link_active_background":"","ocean_menu_social_links_bg":"","ocean_menu_social_hover_links_bg":"","ocean_menu_social_links_color":"","ocean_menu_social_hover_links_color":"","ocean_disable_title":"default","ocean_disable_heading":"default","ocean_post_title":"About West Kerry Museum","ocean_post_subheading":"Baile an Fheirt\u00e9araigh \/ Ballyferriter, Co. Kerry, Ireland","ocean_post_title_style":"","ocean_post_title_background_color":"","ocean_post_title_background":0,"ocean_post_title_bg_image_position":"","ocean_post_title_bg_image_attachment":"","ocean_post_title_bg_image_repeat":"","ocean_post_title_bg_image_size":"","ocean_post_title_height":0,"ocean_post_title_bg_overlay":0.5,"ocean_post_title_bg_overlay_color":"","ocean_disable_breadcrumbs":"default","ocean_breadcrumbs_color":"","ocean_breadcrumbs_separator_color":"","ocean_breadcrumbs_links_color":"","ocean_breadcrumbs_links_hover_color":"","ocean_display_footer_widgets":"default","ocean_display_footer_bottom":"default","ocean_custom_footer_template":"0","footnotes":""},"class_list":["post-805","page","type-page","status-publish","has-post-thumbnail","hentry","entry","has-media"],"yoast_head":"<!-- This site is optimized with the Yoast SEO plugin v26.6 - https:\/\/yoast.com\/wordpress\/plugins\/seo\/ -->\n<title>About - West Kerry Museum<\/title>\n<meta name=\"robots\" content=\"index, follow, max-snippet:-1, max-image-preview:large, max-video-preview:-1\" \/>\n<link rel=\"canonical\" href=\"https:\/\/westkerrymuseum.com\/ga\/about\/\" \/>\n<meta property=\"og:locale\" content=\"ga_IE\" \/>\n<meta property=\"og:type\" content=\"article\" \/>\n<meta property=\"og:title\" content=\"About - West Kerry Museum\" \/>\n<meta property=\"og:description\" content=\"T\u00e1 M\u00fasaem Chorca Dhuibhne lonnaithe sa seana-thigh scoile (a t\u00f3gadh sa bhliain 1875 &#8211; s\u00e9adchomhartha ann f\u00e9in!) i mBaile an Fheirt\u00e9araigh, 13 km (8 m\u00edle) siar \u00f3 bhaile iascaireachta an Daingin, in iarthar Chorca Dhuibhne, Co. Chiarra\u00ed, ceantar aoibhinn in iar-dheisceart na h\u00c9ireann. T\u00e1 an m\u00fasaem ar oscailt \u00f3n 10.00 &#8211; 5.00&nbsp;7 l\u00e1 na seachtaine [&hellip;]\" \/>\n<meta property=\"og:url\" content=\"https:\/\/westkerrymuseum.com\/ga\/about\/\" \/>\n<meta property=\"og:site_name\" content=\"West Kerry Museum\" \/>\n<meta property=\"article:modified_time\" content=\"2019-09-23T11:33:31+00:00\" \/>\n<meta property=\"og:image\" content=\"https:\/\/westkerrymuseum.com\/wp-content\/uploads\/2019\/11\/new-sign-small.jpg\" \/>\n\t<meta property=\"og:image:width\" content=\"448\" \/>\n\t<meta property=\"og:image:height\" content=\"252\" \/>\n\t<meta property=\"og:image:type\" content=\"image\/jpeg\" \/>\n<meta name=\"twitter:card\" content=\"summary_large_image\" \/>\n<meta name=\"twitter:label1\" content=\"Est. reading time\" \/>\n\t<meta name=\"twitter:data1\" content=\"1 minute\" \/>\n<script type=\"application\/ld+json\" class=\"yoast-schema-graph\">{\"@context\":\"https:\/\/schema.org\",\"@graph\":[{\"@type\":\"WebPage\",\"@id\":\"https:\/\/westkerrymuseum.com\/ga\/about\/\",\"url\":\"https:\/\/westkerrymuseum.com\/ga\/about\/\",\"name\":\"About - West Kerry Museum\",\"isPartOf\":{\"@id\":\"https:\/\/westkerrymuseum.com\/ga\/#website\"},\"primaryImageOfPage\":{\"@id\":\"https:\/\/westkerrymuseum.com\/ga\/about\/#primaryimage\"},\"image\":{\"@id\":\"https:\/\/westkerrymuseum.com\/ga\/about\/#primaryimage\"},\"thumbnailUrl\":\"https:\/\/westkerrymuseum.com\/wp-content\/uploads\/2019\/11\/new-sign-small.jpg\",\"datePublished\":\"2019-07-17T16:20:28+00:00\",\"dateModified\":\"2019-09-23T11:33:31+00:00\",\"breadcrumb\":{\"@id\":\"https:\/\/westkerrymuseum.com\/ga\/about\/#breadcrumb\"},\"inLanguage\":\"ga-IE\",\"potentialAction\":[{\"@type\":\"ReadAction\",\"target\":[\"https:\/\/westkerrymuseum.com\/ga\/about\/\"]}]},{\"@type\":\"ImageObject\",\"inLanguage\":\"ga-IE\",\"@id\":\"https:\/\/westkerrymuseum.com\/ga\/about\/#primaryimage\",\"url\":\"https:\/\/westkerrymuseum.com\/wp-content\/uploads\/2019\/11\/new-sign-small.jpg\",\"contentUrl\":\"https:\/\/westkerrymuseum.com\/wp-content\/uploads\/2019\/11\/new-sign-small.jpg\",\"width\":448,\"height\":252,\"caption\":\"Outside view\"},{\"@type\":\"BreadcrumbList\",\"@id\":\"https:\/\/westkerrymuseum.com\/ga\/about\/#breadcrumb\",\"itemListElement\":[{\"@type\":\"ListItem\",\"position\":1,\"name\":\"Home\",\"item\":\"https:\/\/westkerrymuseum.com\/ga\/\"},{\"@type\":\"ListItem\",\"position\":2,\"name\":\"About\"}]},{\"@type\":\"WebSite\",\"@id\":\"https:\/\/westkerrymuseum.com\/ga\/#website\",\"url\":\"https:\/\/westkerrymuseum.com\/ga\/\",\"name\":\"West Kerry Museum\",\"description\":\"Culture &amp; Heritage Museum in West Kerry, Ireland\",\"publisher\":{\"@id\":\"https:\/\/westkerrymuseum.com\/ga\/#organization\"},\"potentialAction\":[{\"@type\":\"SearchAction\",\"target\":{\"@type\":\"EntryPoint\",\"urlTemplate\":\"https:\/\/westkerrymuseum.com\/ga\/?s={search_term_string}\"},\"query-input\":{\"@type\":\"PropertyValueSpecification\",\"valueRequired\":true,\"valueName\":\"search_term_string\"}}],\"inLanguage\":\"ga-IE\"},{\"@type\":\"Organization\",\"@id\":\"https:\/\/westkerrymuseum.com\/ga\/#organization\",\"name\":\"West Kerry Museum\",\"url\":\"https:\/\/westkerrymuseum.com\/ga\/\",\"logo\":{\"@type\":\"ImageObject\",\"inLanguage\":\"ga-IE\",\"@id\":\"https:\/\/westkerrymuseum.com\/ga\/#\/schema\/logo\/image\/\",\"url\":\"https:\/\/westkerrymuseum.com\/wp-content\/uploads\/2019\/08\/west-kerry-museum-logo-1.png\",\"contentUrl\":\"https:\/\/westkerrymuseum.com\/wp-content\/uploads\/2019\/08\/west-kerry-museum-logo-1.png\",\"width\":500,\"height\":219,\"caption\":\"West Kerry Museum\"},\"image\":{\"@id\":\"https:\/\/westkerrymuseum.com\/ga\/#\/schema\/logo\/image\/\"}}]}<\/script>\n<!-- \/ Yoast SEO plugin. -->","yoast_head_json":{"title":"About - West Kerry Museum","robots":{"index":"index","follow":"follow","max-snippet":"max-snippet:-1","max-image-preview":"max-image-preview:large","max-video-preview":"max-video-preview:-1"},"canonical":"https:\/\/westkerrymuseum.com\/ga\/about\/","og_locale":"ga_IE","og_type":"article","og_title":"About - West Kerry Museum","og_description":"T\u00e1 M\u00fasaem Chorca Dhuibhne lonnaithe sa seana-thigh scoile (a t\u00f3gadh sa bhliain 1875 &#8211; s\u00e9adchomhartha ann f\u00e9in!) i mBaile an Fheirt\u00e9araigh, 13 km (8 m\u00edle) siar \u00f3 bhaile iascaireachta an Daingin, in iarthar Chorca Dhuibhne, Co. Chiarra\u00ed, ceantar aoibhinn in iar-dheisceart na h\u00c9ireann. T\u00e1 an m\u00fasaem ar oscailt \u00f3n 10.00 &#8211; 5.00&nbsp;7 l\u00e1 na seachtaine [&hellip;]","og_url":"https:\/\/westkerrymuseum.com\/ga\/about\/","og_site_name":"West Kerry Museum","article_modified_time":"2019-09-23T11:33:31+00:00","og_image":[{"width":448,"height":252,"url":"https:\/\/westkerrymuseum.com\/wp-content\/uploads\/2019\/11\/new-sign-small.jpg","type":"image\/jpeg"}],"twitter_card":"summary_large_image","twitter_misc":{"Est. reading time":"1 minute"},"schema":{"@context":"https:\/\/schema.org","@graph":[{"@type":"WebPage","@id":"https:\/\/westkerrymuseum.com\/ga\/about\/","url":"https:\/\/westkerrymuseum.com\/ga\/about\/","name":"About - West Kerry Museum","isPartOf":{"@id":"https:\/\/westkerrymuseum.com\/ga\/#website"},"primaryImageOfPage":{"@id":"https:\/\/westkerrymuseum.com\/ga\/about\/#primaryimage"},"image":{"@id":"https:\/\/westkerrymuseum.com\/ga\/about\/#primaryimage"},"thumbnailUrl":"https:\/\/westkerrymuseum.com\/wp-content\/uploads\/2019\/11\/new-sign-small.jpg","datePublished":"2019-07-17T16:20:28+00:00","dateModified":"2019-09-23T11:33:31+00:00","breadcrumb":{"@id":"https:\/\/westkerrymuseum.com\/ga\/about\/#breadcrumb"},"inLanguage":"ga-IE","potentialAction":[{"@type":"ReadAction","target":["https:\/\/westkerrymuseum.com\/ga\/about\/"]}]},{"@type":"ImageObject","inLanguage":"ga-IE","@id":"https:\/\/westkerrymuseum.com\/ga\/about\/#primaryimage","url":"https:\/\/westkerrymuseum.com\/wp-content\/uploads\/2019\/11\/new-sign-small.jpg","contentUrl":"https:\/\/westkerrymuseum.com\/wp-content\/uploads\/2019\/11\/new-sign-small.jpg","width":448,"height":252,"caption":"Outside view"},{"@type":"BreadcrumbList","@id":"https:\/\/westkerrymuseum.com\/ga\/about\/#breadcrumb","itemListElement":[{"@type":"ListItem","position":1,"name":"Home","item":"https:\/\/westkerrymuseum.com\/ga\/"},{"@type":"ListItem","position":2,"name":"About"}]},{"@type":"WebSite","@id":"https:\/\/westkerrymuseum.com\/ga\/#website","url":"https:\/\/westkerrymuseum.com\/ga\/","name":"West Kerry Museum","description":"Culture &amp; Heritage Museum in West Kerry, Ireland","publisher":{"@id":"https:\/\/westkerrymuseum.com\/ga\/#organization"},"potentialAction":[{"@type":"SearchAction","target":{"@type":"EntryPoint","urlTemplate":"https:\/\/westkerrymuseum.com\/ga\/?s={search_term_string}"},"query-input":{"@type":"PropertyValueSpecification","valueRequired":true,"valueName":"search_term_string"}}],"inLanguage":"ga-IE"},{"@type":"Organization","@id":"https:\/\/westkerrymuseum.com\/ga\/#organization","name":"West Kerry Museum","url":"https:\/\/westkerrymuseum.com\/ga\/","logo":{"@type":"ImageObject","inLanguage":"ga-IE","@id":"https:\/\/westkerrymuseum.com\/ga\/#\/schema\/logo\/image\/","url":"https:\/\/westkerrymuseum.com\/wp-content\/uploads\/2019\/08\/west-kerry-museum-logo-1.png","contentUrl":"https:\/\/westkerrymuseum.com\/wp-content\/uploads\/2019\/08\/west-kerry-museum-logo-1.png","width":500,"height":219,"caption":"West Kerry Museum"},"image":{"@id":"https:\/\/westkerrymuseum.com\/ga\/#\/schema\/logo\/image\/"}}]}},"_links":{"self":[{"href":"https:\/\/westkerrymuseum.com\/ga\/wp-json\/wp\/v2\/pages\/805","targetHints":{"allow":["GET"]}}],"collection":[{"href":"https:\/\/westkerrymuseum.com\/ga\/wp-json\/wp\/v2\/pages"}],"about":[{"href":"https:\/\/westkerrymuseum.com\/ga\/wp-json\/wp\/v2\/types\/page"}],"author":[{"embeddable":true,"href":"https:\/\/westkerrymuseum.com\/ga\/wp-json\/wp\/v2\/users\/1"}],"replies":[{"embeddable":true,"href":"https:\/\/westkerrymuseum.com\/ga\/wp-json\/wp\/v2\/comments?post=805"}],"version-history":[{"count":3,"href":"https:\/\/westkerrymuseum.com\/ga\/wp-json\/wp\/v2\/pages\/805\/revisions"}],"predecessor-version":[{"id":1292,"href":"https:\/\/westkerrymuseum.com\/ga\/wp-json\/wp\/v2\/pages\/805\/revisions\/1292"}],"wp:featuredmedia":[{"embeddable":true,"href":"https:\/\/westkerrymuseum.com\/ga\/wp-json\/wp\/v2\/media\/1407"}],"wp:attachment":[{"href":"https:\/\/westkerrymuseum.com\/ga\/wp-json\/wp\/v2\/media?parent=805"}],"curies":[{"name":"wp","href":"https:\/\/api.w.org\/{rel}","templated":true}]}}