{"id":1478,"date":"2020-03-04T16:36:09","date_gmt":"2020-03-04T16:36:09","guid":{"rendered":"https:\/\/dev14.buchanan-solutions.com\/?page_id=1478"},"modified":"2020-03-04T16:39:03","modified_gmt":"2020-03-04T16:39:03","slug":"oideachais","status":"publish","type":"page","link":"https:\/\/westkerrymuseum.com\/ga\/oideachais\/","title":{"rendered":"Oideachais"},"content":{"rendered":"\t\t<div data-elementor-type=\"wp-page\" data-elementor-id=\"1478\" class=\"elementor elementor-1478 elementor-1253\" data-elementor-post-type=\"page\">\n\t\t\t\t\t\t<section class=\"elementor-section elementor-top-section elementor-element elementor-element-01f675f elementor-section-boxed elementor-section-height-default elementor-section-height-default\" data-id=\"01f675f\" data-element_type=\"section\">\n\t\t\t\t\t\t<div class=\"elementor-container elementor-column-gap-default\">\n\t\t\t\t\t<div class=\"elementor-column elementor-col-100 elementor-top-column elementor-element elementor-element-d80e90e\" data-id=\"d80e90e\" data-element_type=\"column\">\n\t\t\t<div class=\"elementor-widget-wrap elementor-element-populated\">\n\t\t\t\t\t\t<div class=\"elementor-element elementor-element-899dc0a elementor-widget elementor-widget-text-editor\" data-id=\"899dc0a\" data-element_type=\"widget\" data-widget_type=\"text-editor.default\">\n\t\t\t\t<div class=\"elementor-widget-container\">\n\t\t\t\t\t\t\t\t\t<h2>Seimine\u00e1ir<\/h2><p><span lang=\"en-gb\">Anois is ar\u00eds b\u00edonn<\/span>\u00a0Oidhreacht Chorca Dhuibhne ag eagr\u00fa seimine\u00e1ir lae chun gn\u00e9ithe de stair agus de sheand\u00e1la\u00edocht na h\u00e1ite a chur i l\u00e1thair.<br \/>Tion\u00f3ladh seimine\u00e1r ar Dh\u00fanta Chorca Dhuibhne F\u00f3mhar na bliana 2004, ar sc\u00e9al Phiaras Firt\u00e9ar m\u00ed na Nollag 2005 agus \u2018N\u00f3s na hOilithreachta i gCorca Dhuibhne is i gc\u00e9in\u2019 m\u00ed na Samhna 2006.<br \/>Sraith l\u00e9achta\u00ed, cainteanna agus turasanna ar l\u00e1ithreacha staire is seand\u00e1la\u00edochta a bh\u00edonn i gceist. Bu\u00edochas don gComhairle Oidhreachta a dheineann na himeachta\u00ed seo a mhaoini\u00fa.<\/p>\t\t\t\t\t\t\t\t<\/div>\n\t\t\t\t<\/div>\n\t\t\t\t\t<\/div>\n\t\t<\/div>\n\t\t\t\t\t<\/div>\n\t\t<\/section>\n\t\t\t\t<section class=\"elementor-section elementor-top-section elementor-element elementor-element-9a15073 elementor-section-boxed elementor-section-height-default elementor-section-height-default\" data-id=\"9a15073\" data-element_type=\"section\">\n\t\t\t\t\t\t<div class=\"elementor-container elementor-column-gap-default\">\n\t\t\t\t\t<div class=\"elementor-column elementor-col-100 elementor-top-column elementor-element elementor-element-2c3baac\" data-id=\"2c3baac\" data-element_type=\"column\">\n\t\t\t<div class=\"elementor-widget-wrap elementor-element-populated\">\n\t\t\t\t\t\t<div class=\"elementor-element elementor-element-6de3b7b elementor-widget elementor-widget-text-editor\" data-id=\"6de3b7b\" data-element_type=\"widget\" data-widget_type=\"text-editor.default\">\n\t\t\t\t<div class=\"elementor-widget-container\">\n\t\t\t\t\t\t\t\t\t<h2>Worksheets<\/h2><p>Several worksheets are available for younger visitors, and for learners of Irish.\u00a0 The first one devised was based on the permanent exhibition (currently only available as Gaeilge). Another is on the topic of the nearby monastic site at An Riasc, available in Irish or in English. There is worksheet on the topic of Pilgrimage\/St Brendan\/Cos\u00e1n na Naomh, also available in Irish or in English, and another about the promontory fort at D\u00fan an \u00d3ir, a National Monument, at which an infamous siege and subsequent massacre took place in 1580.. We are grateful to the support received from the Heritage Council and the Scheme to Assist Local and Regional Museums in the preparation of these worksheets.<\/p><p>A larger view of the worksheets can be had by clicking on the image. These .pdf documents can be downloaded by clicking on the Download link above the image. Each File consists of 4 pages which be printed off and used in the classroom. These files are quite big (6 &#8211; 11Mb) and so a fast internet connection is required.<\/p>\t\t\t\t\t\t\t\t<\/div>\n\t\t\t\t<\/div>\n\t\t\t\t<section class=\"elementor-section elementor-inner-section elementor-element elementor-element-0fa4446 elementor-section-boxed elementor-section-height-default elementor-section-height-default\" data-id=\"0fa4446\" data-element_type=\"section\">\n\t\t\t\t\t\t<div class=\"elementor-container elementor-column-gap-default\">\n\t\t\t\t\t<div class=\"elementor-column elementor-col-33 elementor-inner-column elementor-element elementor-element-7bcba7b\" data-id=\"7bcba7b\" data-element_type=\"column\">\n\t\t\t<div class=\"elementor-widget-wrap elementor-element-populated\">\n\t\t\t\t\t\t<div class=\"elementor-element elementor-element-8817c1f elementor-widget elementor-widget-image\" data-id=\"8817c1f\" data-element_type=\"widget\" data-widget_type=\"image.default\">\n\t\t\t\t<div class=\"elementor-widget-container\">\n\t\t\t\t\t\t\t\t\t\t\t\t<figure class=\"wp-caption\">\n\t\t\t\t\t\t\t\t\t\t\t<a href=\"https:\/\/westkerrymuseum.com\/wp-content\/uploads\/2020\/03\/museumg.pdf\" target=\"_blank\">\n\t\t\t\t\t\t\t<img fetchpriority=\"high\" decoding=\"async\" width=\"214\" height=\"300\" src=\"https:\/\/westkerrymuseum.com\/wp-content\/uploads\/2019\/07\/06-3-214x300.jpg\" class=\"attachment-medium size-medium wp-image-298\" alt=\"\" srcset=\"https:\/\/westkerrymuseum.com\/wp-content\/uploads\/2019\/07\/06-3-214x300.jpg 214w, https:\/\/westkerrymuseum.com\/wp-content\/uploads\/2019\/07\/06-3.jpg 221w\" sizes=\"(max-width: 214px) 100vw, 214px\" \/>\t\t\t\t\t\t\t\t<\/a>\n\t\t\t\t\t\t\t\t\t\t\t<figcaption class=\"widget-image-caption wp-caption-text\"><\/figcaption>\n\t\t\t\t\t\t\t\t\t\t<\/figure>\n\t\t\t\t\t\t\t\t\t<\/div>\n\t\t\t\t<\/div>\n\t\t\t\t\t<\/div>\n\t\t<\/div>\n\t\t\t\t<div class=\"elementor-column elementor-col-33 elementor-inner-column elementor-element elementor-element-9fe634d\" data-id=\"9fe634d\" data-element_type=\"column\">\n\t\t\t<div class=\"elementor-widget-wrap elementor-element-populated\">\n\t\t\t\t\t\t<div class=\"elementor-element elementor-element-783934d elementor-widget elementor-widget-image\" data-id=\"783934d\" data-element_type=\"widget\" data-widget_type=\"image.default\">\n\t\t\t\t<div class=\"elementor-widget-container\">\n\t\t\t\t\t\t\t\t\t\t\t\t<figure class=\"wp-caption\">\n\t\t\t\t\t\t\t\t\t\t\t<a href=\"https:\/\/westkerrymuseum.com\/wp-content\/uploads\/2020\/03\/riascg.pdf\" target=\"_blank\">\n\t\t\t\t\t\t\t<img decoding=\"async\" width=\"215\" height=\"300\" src=\"https:\/\/westkerrymuseum.com\/wp-content\/uploads\/2020\/03\/07-215x300.jpg\" class=\"attachment-medium size-medium wp-image-1476\" alt=\"Cuairt ar An Riasc\" srcset=\"https:\/\/westkerrymuseum.com\/wp-content\/uploads\/2020\/03\/07-215x300.jpg 215w, https:\/\/westkerrymuseum.com\/wp-content\/uploads\/2020\/03\/07.jpg 221w\" sizes=\"(max-width: 215px) 100vw, 215px\" \/>\t\t\t\t\t\t\t\t<\/a>\n\t\t\t\t\t\t\t\t\t\t\t<figcaption class=\"widget-image-caption wp-caption-text\"><\/figcaption>\n\t\t\t\t\t\t\t\t\t\t<\/figure>\n\t\t\t\t\t\t\t\t\t<\/div>\n\t\t\t\t<\/div>\n\t\t\t\t\t<\/div>\n\t\t<\/div>\n\t\t\t\t<div class=\"elementor-column elementor-col-33 elementor-inner-column elementor-element elementor-element-20f3098\" data-id=\"20f3098\" data-element_type=\"column\">\n\t\t\t<div class=\"elementor-widget-wrap\">\n\t\t\t\t\t\t\t<\/div>\n\t\t<\/div>\n\t\t\t\t\t<\/div>\n\t\t<\/section>\n\t\t\t\t<section class=\"elementor-section elementor-inner-section elementor-element elementor-element-d31ae12 elementor-section-boxed elementor-section-height-default elementor-section-height-default\" data-id=\"d31ae12\" data-element_type=\"section\">\n\t\t\t\t\t\t<div class=\"elementor-container elementor-column-gap-default\">\n\t\t\t\t\t<div class=\"elementor-column elementor-col-33 elementor-inner-column elementor-element elementor-element-f0463e9\" data-id=\"f0463e9\" data-element_type=\"column\">\n\t\t\t<div class=\"elementor-widget-wrap elementor-element-populated\">\n\t\t\t\t\t\t<div class=\"elementor-element elementor-element-7a6be8b elementor-widget elementor-widget-image\" data-id=\"7a6be8b\" data-element_type=\"widget\" data-widget_type=\"image.default\">\n\t\t\t\t<div class=\"elementor-widget-container\">\n\t\t\t\t\t\t\t\t\t\t\t\t<figure class=\"wp-caption\">\n\t\t\t\t\t\t\t\t\t\t\t<a href=\"https:\/\/westkerrymuseum.com\/wp-content\/uploads\/2020\/03\/museum.pdf\" target=\"_blank\">\n\t\t\t\t\t\t\t<img decoding=\"async\" width=\"215\" height=\"300\" src=\"https:\/\/westkerrymuseum.com\/wp-content\/uploads\/2019\/09\/museum-215x300.jpg\" class=\"attachment-medium size-medium wp-image-1270\" alt=\"\" srcset=\"https:\/\/westkerrymuseum.com\/wp-content\/uploads\/2019\/09\/museum-215x300.jpg 215w, https:\/\/westkerrymuseum.com\/wp-content\/uploads\/2019\/09\/museum.jpg 221w\" sizes=\"(max-width: 215px) 100vw, 215px\" \/>\t\t\t\t\t\t\t\t<\/a>\n\t\t\t\t\t\t\t\t\t\t\t<figcaption class=\"widget-image-caption wp-caption-text\"><\/figcaption>\n\t\t\t\t\t\t\t\t\t\t<\/figure>\n\t\t\t\t\t\t\t\t\t<\/div>\n\t\t\t\t<\/div>\n\t\t\t\t\t<\/div>\n\t\t<\/div>\n\t\t\t\t<div class=\"elementor-column elementor-col-33 elementor-inner-column elementor-element elementor-element-9523b63\" data-id=\"9523b63\" data-element_type=\"column\">\n\t\t\t<div class=\"elementor-widget-wrap elementor-element-populated\">\n\t\t\t\t\t\t<div class=\"elementor-element elementor-element-6f2d5f0 elementor-widget elementor-widget-image\" data-id=\"6f2d5f0\" data-element_type=\"widget\" data-widget_type=\"image.default\">\n\t\t\t\t<div class=\"elementor-widget-container\">\n\t\t\t\t\t\t\t\t\t\t\t\t<figure class=\"wp-caption\">\n\t\t\t\t\t\t\t\t\t\t\t<a href=\"https:\/\/westkerrymuseum.com\/wp-content\/uploads\/2020\/03\/riasc.pdf\" target=\"_blank\">\n\t\t\t\t\t\t\t<img loading=\"lazy\" decoding=\"async\" width=\"215\" height=\"300\" src=\"https:\/\/westkerrymuseum.com\/wp-content\/uploads\/2019\/09\/reask-215x300.jpg\" class=\"attachment-medium size-medium wp-image-1266\" alt=\"\" srcset=\"https:\/\/westkerrymuseum.com\/wp-content\/uploads\/2019\/09\/reask-215x300.jpg 215w, https:\/\/westkerrymuseum.com\/wp-content\/uploads\/2019\/09\/reask.jpg 221w\" sizes=\"(max-width: 215px) 100vw, 215px\" \/>\t\t\t\t\t\t\t\t<\/a>\n\t\t\t\t\t\t\t\t\t\t\t<figcaption class=\"widget-image-caption wp-caption-text\"><\/figcaption>\n\t\t\t\t\t\t\t\t\t\t<\/figure>\n\t\t\t\t\t\t\t\t\t<\/div>\n\t\t\t\t<\/div>\n\t\t\t\t\t<\/div>\n\t\t<\/div>\n\t\t\t\t<div class=\"elementor-column elementor-col-33 elementor-inner-column elementor-element elementor-element-db88244\" data-id=\"db88244\" data-element_type=\"column\">\n\t\t\t<div class=\"elementor-widget-wrap elementor-element-populated\">\n\t\t\t\t\t\t<div class=\"elementor-element elementor-element-a3b2aa2 elementor-widget elementor-widget-image\" data-id=\"a3b2aa2\" data-element_type=\"widget\" data-widget_type=\"image.default\">\n\t\t\t\t<div class=\"elementor-widget-container\">\n\t\t\t\t\t\t\t\t\t\t\t\t<figure class=\"wp-caption\">\n\t\t\t\t\t\t\t\t\t\t\t<a href=\"https:\/\/westkerrymuseum.com\/wp-content\/uploads\/2020\/03\/dunanoiren.pdf\" target=\"_blank\">\n\t\t\t\t\t\t\t<img loading=\"lazy\" decoding=\"async\" width=\"212\" height=\"300\" src=\"https:\/\/westkerrymuseum.com\/wp-content\/uploads\/2019\/09\/dun-an-oir-212x300.jpg\" class=\"attachment-medium size-medium wp-image-1274\" alt=\"\" srcset=\"https:\/\/westkerrymuseum.com\/wp-content\/uploads\/2019\/09\/dun-an-oir-212x300.jpg 212w, https:\/\/westkerrymuseum.com\/wp-content\/uploads\/2019\/09\/dun-an-oir.jpg 722w\" sizes=\"(max-width: 212px) 100vw, 212px\" \/>\t\t\t\t\t\t\t\t<\/a>\n\t\t\t\t\t\t\t\t\t\t\t<figcaption class=\"widget-image-caption wp-caption-text\"><\/figcaption>\n\t\t\t\t\t\t\t\t\t\t<\/figure>\n\t\t\t\t\t\t\t\t\t<\/div>\n\t\t\t\t<\/div>\n\t\t\t\t\t<\/div>\n\t\t<\/div>\n\t\t\t\t\t<\/div>\n\t\t<\/section>\n\t\t\t\t\t<\/div>\n\t\t<\/div>\n\t\t\t\t\t<\/div>\n\t\t<\/section>\n\t\t\t\t<\/div>\n\t\t","protected":false},"excerpt":{"rendered":"<p>Seimine\u00e1ir Anois is ar\u00eds b\u00edonn\u00a0Oidhreacht Chorca Dhuibhne ag eagr\u00fa seimine\u00e1ir lae chun gn\u00e9ithe de stair agus de sheand\u00e1la\u00edocht na h\u00e1ite a chur i l\u00e1thair.Tion\u00f3ladh seimine\u00e1r ar Dh\u00fanta Chorca Dhuibhne F\u00f3mhar na bliana 2004, ar sc\u00e9al Phiaras Firt\u00e9ar m\u00ed na Nollag 2005 agus \u2018N\u00f3s na hOilithreachta i gCorca Dhuibhne is i gc\u00e9in\u2019 m\u00ed na Samhna 2006.Sraith [&hellip;]<\/p>\n","protected":false},"author":1,"featured_media":0,"parent":0,"menu_order":0,"comment_status":"closed","ping_status":"closed","template":"","meta":{"ocean_post_layout":"","ocean_both_sidebars_style":"","ocean_both_sidebars_content_width":0,"ocean_both_sidebars_sidebars_width":0,"ocean_sidebar":"0","ocean_second_sidebar":"0","ocean_disable_margins":"enable","ocean_add_body_class":"","ocean_shortcode_before_top_bar":"","ocean_shortcode_after_top_bar":"","ocean_shortcode_before_header":"","ocean_shortcode_after_header":"","ocean_has_shortcode":"","ocean_shortcode_after_title":"","ocean_shortcode_before_footer_widgets":"","ocean_shortcode_after_footer_widgets":"","ocean_shortcode_before_footer_bottom":"","ocean_shortcode_after_footer_bottom":"","ocean_display_top_bar":"default","ocean_display_header":"default","ocean_header_style":"","ocean_center_header_left_menu":"0","ocean_custom_header_template":"0","ocean_custom_logo":0,"ocean_custom_retina_logo":0,"ocean_custom_logo_max_width":0,"ocean_custom_logo_tablet_max_width":0,"ocean_custom_logo_mobile_max_width":0,"ocean_custom_logo_max_height":0,"ocean_custom_logo_tablet_max_height":0,"ocean_custom_logo_mobile_max_height":0,"ocean_header_custom_menu":"0","ocean_menu_typo_font_family":"0","ocean_menu_typo_font_subset":"","ocean_menu_typo_font_size":0,"ocean_menu_typo_font_size_tablet":0,"ocean_menu_typo_font_size_mobile":0,"ocean_menu_typo_font_size_unit":"px","ocean_menu_typo_font_weight":"","ocean_menu_typo_font_weight_tablet":"","ocean_menu_typo_font_weight_mobile":"","ocean_menu_typo_transform":"","ocean_menu_typo_transform_tablet":"","ocean_menu_typo_transform_mobile":"","ocean_menu_typo_line_height":0,"ocean_menu_typo_line_height_tablet":0,"ocean_menu_typo_line_height_mobile":0,"ocean_menu_typo_line_height_unit":"","ocean_menu_typo_spacing":0,"ocean_menu_typo_spacing_tablet":0,"ocean_menu_typo_spacing_mobile":0,"ocean_menu_typo_spacing_unit":"","ocean_menu_link_color":"","ocean_menu_link_color_hover":"","ocean_menu_link_color_active":"","ocean_menu_link_background":"","ocean_menu_link_hover_background":"","ocean_menu_link_active_background":"","ocean_menu_social_links_bg":"","ocean_menu_social_hover_links_bg":"","ocean_menu_social_links_color":"","ocean_menu_social_hover_links_color":"","ocean_disable_title":"default","ocean_disable_heading":"default","ocean_post_title":"","ocean_post_subheading":"","ocean_post_title_style":"","ocean_post_title_background_color":"","ocean_post_title_background":0,"ocean_post_title_bg_image_position":"","ocean_post_title_bg_image_attachment":"","ocean_post_title_bg_image_repeat":"","ocean_post_title_bg_image_size":"","ocean_post_title_height":0,"ocean_post_title_bg_overlay":0.5,"ocean_post_title_bg_overlay_color":"","ocean_disable_breadcrumbs":"default","ocean_breadcrumbs_color":"","ocean_breadcrumbs_separator_color":"","ocean_breadcrumbs_links_color":"","ocean_breadcrumbs_links_hover_color":"","ocean_display_footer_widgets":"default","ocean_display_footer_bottom":"default","ocean_custom_footer_template":"0","footnotes":""},"class_list":["post-1478","page","type-page","status-publish","hentry","entry"],"yoast_head":"<!-- This site is optimized with the Yoast SEO plugin v26.6 - https:\/\/yoast.com\/wordpress\/plugins\/seo\/ -->\n<title>Oideachais - West Kerry Museum<\/title>\n<meta name=\"robots\" content=\"index, follow, max-snippet:-1, max-image-preview:large, max-video-preview:-1\" \/>\n<link rel=\"canonical\" href=\"https:\/\/westkerrymuseum.com\/ga\/oideachais\/\" \/>\n<meta property=\"og:locale\" content=\"ga_IE\" \/>\n<meta property=\"og:type\" content=\"article\" \/>\n<meta property=\"og:title\" content=\"Oideachais - West Kerry Museum\" \/>\n<meta property=\"og:description\" content=\"Seimine\u00e1ir Anois is ar\u00eds b\u00edonn\u00a0Oidhreacht Chorca Dhuibhne ag eagr\u00fa seimine\u00e1ir lae chun gn\u00e9ithe de stair agus de sheand\u00e1la\u00edocht na h\u00e1ite a chur i l\u00e1thair.Tion\u00f3ladh seimine\u00e1r ar Dh\u00fanta Chorca Dhuibhne F\u00f3mhar na bliana 2004, ar sc\u00e9al Phiaras Firt\u00e9ar m\u00ed na Nollag 2005 agus \u2018N\u00f3s na hOilithreachta i gCorca Dhuibhne is i gc\u00e9in\u2019 m\u00ed na Samhna 2006.Sraith [&hellip;]\" \/>\n<meta property=\"og:url\" content=\"https:\/\/westkerrymuseum.com\/ga\/oideachais\/\" \/>\n<meta property=\"og:site_name\" content=\"West Kerry Museum\" \/>\n<meta property=\"article:modified_time\" content=\"2020-03-04T16:39:03+00:00\" \/>\n<meta property=\"og:image\" content=\"https:\/\/westkerrymuseum.com\/\/wp-content\/uploads\/2019\/07\/06-3-214x300.jpg\" \/>\n<meta name=\"twitter:card\" content=\"summary_large_image\" \/>\n<meta name=\"twitter:label1\" content=\"Est. reading time\" \/>\n\t<meta name=\"twitter:data1\" content=\"2 minutes\" \/>\n<script type=\"application\/ld+json\" class=\"yoast-schema-graph\">{\"@context\":\"https:\/\/schema.org\",\"@graph\":[{\"@type\":\"WebPage\",\"@id\":\"https:\/\/westkerrymuseum.com\/ga\/oideachais\/\",\"url\":\"https:\/\/westkerrymuseum.com\/ga\/oideachais\/\",\"name\":\"Oideachais - West Kerry Museum\",\"isPartOf\":{\"@id\":\"https:\/\/westkerrymuseum.com\/ga\/#website\"},\"primaryImageOfPage\":{\"@id\":\"https:\/\/westkerrymuseum.com\/ga\/oideachais\/#primaryimage\"},\"image\":{\"@id\":\"https:\/\/westkerrymuseum.com\/ga\/oideachais\/#primaryimage\"},\"thumbnailUrl\":\"https:\/\/westkerrymuseum.com\/\/wp-content\/uploads\/2019\/07\/06-3-214x300.jpg\",\"datePublished\":\"2020-03-04T16:36:09+00:00\",\"dateModified\":\"2020-03-04T16:39:03+00:00\",\"breadcrumb\":{\"@id\":\"https:\/\/westkerrymuseum.com\/ga\/oideachais\/#breadcrumb\"},\"inLanguage\":\"ga-IE\",\"potentialAction\":[{\"@type\":\"ReadAction\",\"target\":[\"https:\/\/westkerrymuseum.com\/ga\/oideachais\/\"]}]},{\"@type\":\"ImageObject\",\"inLanguage\":\"ga-IE\",\"@id\":\"https:\/\/westkerrymuseum.com\/ga\/oideachais\/#primaryimage\",\"url\":\"https:\/\/westkerrymuseum.com\/\/wp-content\/uploads\/2019\/07\/06-3-214x300.jpg\",\"contentUrl\":\"https:\/\/westkerrymuseum.com\/\/wp-content\/uploads\/2019\/07\/06-3-214x300.jpg\"},{\"@type\":\"BreadcrumbList\",\"@id\":\"https:\/\/westkerrymuseum.com\/ga\/oideachais\/#breadcrumb\",\"itemListElement\":[{\"@type\":\"ListItem\",\"position\":1,\"name\":\"Home\",\"item\":\"https:\/\/westkerrymuseum.com\/ga\/\"},{\"@type\":\"ListItem\",\"position\":2,\"name\":\"Oideachais\"}]},{\"@type\":\"WebSite\",\"@id\":\"https:\/\/westkerrymuseum.com\/ga\/#website\",\"url\":\"https:\/\/westkerrymuseum.com\/ga\/\",\"name\":\"West Kerry Museum\",\"description\":\"Culture &amp; Heritage Museum in West Kerry, Ireland\",\"publisher\":{\"@id\":\"https:\/\/westkerrymuseum.com\/ga\/#organization\"},\"potentialAction\":[{\"@type\":\"SearchAction\",\"target\":{\"@type\":\"EntryPoint\",\"urlTemplate\":\"https:\/\/westkerrymuseum.com\/ga\/?s={search_term_string}\"},\"query-input\":{\"@type\":\"PropertyValueSpecification\",\"valueRequired\":true,\"valueName\":\"search_term_string\"}}],\"inLanguage\":\"ga-IE\"},{\"@type\":\"Organization\",\"@id\":\"https:\/\/westkerrymuseum.com\/ga\/#organization\",\"name\":\"West Kerry Museum\",\"url\":\"https:\/\/westkerrymuseum.com\/ga\/\",\"logo\":{\"@type\":\"ImageObject\",\"inLanguage\":\"ga-IE\",\"@id\":\"https:\/\/westkerrymuseum.com\/ga\/#\/schema\/logo\/image\/\",\"url\":\"https:\/\/westkerrymuseum.com\/wp-content\/uploads\/2019\/08\/west-kerry-museum-logo-1.png\",\"contentUrl\":\"https:\/\/westkerrymuseum.com\/wp-content\/uploads\/2019\/08\/west-kerry-museum-logo-1.png\",\"width\":500,\"height\":219,\"caption\":\"West Kerry Museum\"},\"image\":{\"@id\":\"https:\/\/westkerrymuseum.com\/ga\/#\/schema\/logo\/image\/\"}}]}<\/script>\n<!-- \/ Yoast SEO plugin. -->","yoast_head_json":{"title":"Oideachais - West Kerry Museum","robots":{"index":"index","follow":"follow","max-snippet":"max-snippet:-1","max-image-preview":"max-image-preview:large","max-video-preview":"max-video-preview:-1"},"canonical":"https:\/\/westkerrymuseum.com\/ga\/oideachais\/","og_locale":"ga_IE","og_type":"article","og_title":"Oideachais - West Kerry Museum","og_description":"Seimine\u00e1ir Anois is ar\u00eds b\u00edonn\u00a0Oidhreacht Chorca Dhuibhne ag eagr\u00fa seimine\u00e1ir lae chun gn\u00e9ithe de stair agus de sheand\u00e1la\u00edocht na h\u00e1ite a chur i l\u00e1thair.Tion\u00f3ladh seimine\u00e1r ar Dh\u00fanta Chorca Dhuibhne F\u00f3mhar na bliana 2004, ar sc\u00e9al Phiaras Firt\u00e9ar m\u00ed na Nollag 2005 agus \u2018N\u00f3s na hOilithreachta i gCorca Dhuibhne is i gc\u00e9in\u2019 m\u00ed na Samhna 2006.Sraith [&hellip;]","og_url":"https:\/\/westkerrymuseum.com\/ga\/oideachais\/","og_site_name":"West Kerry Museum","article_modified_time":"2020-03-04T16:39:03+00:00","og_image":[{"url":"https:\/\/westkerrymuseum.com\/\/wp-content\/uploads\/2019\/07\/06-3-214x300.jpg","type":"","width":"","height":""}],"twitter_card":"summary_large_image","twitter_misc":{"Est. reading time":"2 minutes"},"schema":{"@context":"https:\/\/schema.org","@graph":[{"@type":"WebPage","@id":"https:\/\/westkerrymuseum.com\/ga\/oideachais\/","url":"https:\/\/westkerrymuseum.com\/ga\/oideachais\/","name":"Oideachais - West Kerry Museum","isPartOf":{"@id":"https:\/\/westkerrymuseum.com\/ga\/#website"},"primaryImageOfPage":{"@id":"https:\/\/westkerrymuseum.com\/ga\/oideachais\/#primaryimage"},"image":{"@id":"https:\/\/westkerrymuseum.com\/ga\/oideachais\/#primaryimage"},"thumbnailUrl":"https:\/\/westkerrymuseum.com\/\/wp-content\/uploads\/2019\/07\/06-3-214x300.jpg","datePublished":"2020-03-04T16:36:09+00:00","dateModified":"2020-03-04T16:39:03+00:00","breadcrumb":{"@id":"https:\/\/westkerrymuseum.com\/ga\/oideachais\/#breadcrumb"},"inLanguage":"ga-IE","potentialAction":[{"@type":"ReadAction","target":["https:\/\/westkerrymuseum.com\/ga\/oideachais\/"]}]},{"@type":"ImageObject","inLanguage":"ga-IE","@id":"https:\/\/westkerrymuseum.com\/ga\/oideachais\/#primaryimage","url":"https:\/\/westkerrymuseum.com\/\/wp-content\/uploads\/2019\/07\/06-3-214x300.jpg","contentUrl":"https:\/\/westkerrymuseum.com\/\/wp-content\/uploads\/2019\/07\/06-3-214x300.jpg"},{"@type":"BreadcrumbList","@id":"https:\/\/westkerrymuseum.com\/ga\/oideachais\/#breadcrumb","itemListElement":[{"@type":"ListItem","position":1,"name":"Home","item":"https:\/\/westkerrymuseum.com\/ga\/"},{"@type":"ListItem","position":2,"name":"Oideachais"}]},{"@type":"WebSite","@id":"https:\/\/westkerrymuseum.com\/ga\/#website","url":"https:\/\/westkerrymuseum.com\/ga\/","name":"West Kerry Museum","description":"Culture &amp; Heritage Museum in West Kerry, Ireland","publisher":{"@id":"https:\/\/westkerrymuseum.com\/ga\/#organization"},"potentialAction":[{"@type":"SearchAction","target":{"@type":"EntryPoint","urlTemplate":"https:\/\/westkerrymuseum.com\/ga\/?s={search_term_string}"},"query-input":{"@type":"PropertyValueSpecification","valueRequired":true,"valueName":"search_term_string"}}],"inLanguage":"ga-IE"},{"@type":"Organization","@id":"https:\/\/westkerrymuseum.com\/ga\/#organization","name":"West Kerry Museum","url":"https:\/\/westkerrymuseum.com\/ga\/","logo":{"@type":"ImageObject","inLanguage":"ga-IE","@id":"https:\/\/westkerrymuseum.com\/ga\/#\/schema\/logo\/image\/","url":"https:\/\/westkerrymuseum.com\/wp-content\/uploads\/2019\/08\/west-kerry-museum-logo-1.png","contentUrl":"https:\/\/westkerrymuseum.com\/wp-content\/uploads\/2019\/08\/west-kerry-museum-logo-1.png","width":500,"height":219,"caption":"West Kerry Museum"},"image":{"@id":"https:\/\/westkerrymuseum.com\/ga\/#\/schema\/logo\/image\/"}}]}},"_links":{"self":[{"href":"https:\/\/westkerrymuseum.com\/ga\/wp-json\/wp\/v2\/pages\/1478","targetHints":{"allow":["GET"]}}],"collection":[{"href":"https:\/\/westkerrymuseum.com\/ga\/wp-json\/wp\/v2\/pages"}],"about":[{"href":"https:\/\/westkerrymuseum.com\/ga\/wp-json\/wp\/v2\/types\/page"}],"author":[{"embeddable":true,"href":"https:\/\/westkerrymuseum.com\/ga\/wp-json\/wp\/v2\/users\/1"}],"replies":[{"embeddable":true,"href":"https:\/\/westkerrymuseum.com\/ga\/wp-json\/wp\/v2\/comments?post=1478"}],"version-history":[{"count":2,"href":"https:\/\/westkerrymuseum.com\/ga\/wp-json\/wp\/v2\/pages\/1478\/revisions"}],"predecessor-version":[{"id":1480,"href":"https:\/\/westkerrymuseum.com\/ga\/wp-json\/wp\/v2\/pages\/1478\/revisions\/1480"}],"wp:attachment":[{"href":"https:\/\/westkerrymuseum.com\/ga\/wp-json\/wp\/v2\/media?parent=1478"}],"curies":[{"name":"wp","href":"https:\/\/api.w.org\/{rel}","templated":true}]}}