{"id":1213,"date":"2019-09-10T09:26:33","date_gmt":"2019-09-10T09:26:33","guid":{"rendered":"https:\/\/dev14.buchanan-solutions.com\/?page_id=1213"},"modified":"2019-09-10T09:53:26","modified_gmt":"2019-09-10T09:53:26","slug":"home-ga","status":"publish","type":"page","link":"https:\/\/westkerrymuseum.com\/ga\/","title":{"rendered":"Home GA"},"content":{"rendered":"\t\t<div data-elementor-type=\"wp-post\" data-elementor-id=\"1213\" class=\"elementor elementor-1213 elementor-5\" data-elementor-post-type=\"page\">\n\t\t\t\t\t\t<section class=\"elementor-section elementor-top-section elementor-element elementor-element-34e5c3a elementor-section-stretched elementor-section-full_width elementor-section-height-default elementor-section-height-default\" data-id=\"34e5c3a\" data-element_type=\"section\" data-settings=\"{&quot;background_background&quot;:&quot;classic&quot;,&quot;stretch_section&quot;:&quot;section-stretched&quot;}\">\n\t\t\t\t\t\t<div class=\"elementor-container elementor-column-gap-default\">\n\t\t\t\t\t<div class=\"elementor-column elementor-col-100 elementor-top-column elementor-element elementor-element-490de16\" data-id=\"490de16\" data-element_type=\"column\">\n\t\t\t<div class=\"elementor-widget-wrap elementor-element-populated\">\n\t\t\t\t\t\t<div class=\"elementor-element elementor-element-b1203d9 animated-slow elementor-invisible elementor-widget elementor-widget-heading\" data-id=\"b1203d9\" data-element_type=\"widget\" data-settings=\"{&quot;_animation&quot;:&quot;fadeIn&quot;,&quot;_animation_delay&quot;:500}\" data-widget_type=\"heading.default\">\n\t\t\t\t<div class=\"elementor-widget-container\">\n\t\t\t\t\t<h1 class=\"elementor-heading-title elementor-size-default\">M\u00fasaem Chorca Dhuibhne<\/h1>\t\t\t\t<\/div>\n\t\t\t\t<\/div>\n\t\t\t\t<div class=\"elementor-element elementor-element-16ad7fd elementor-widget elementor-widget-spacer\" data-id=\"16ad7fd\" data-element_type=\"widget\" data-widget_type=\"spacer.default\">\n\t\t\t\t<div class=\"elementor-widget-container\">\n\t\t\t\t\t\t\t<div class=\"elementor-spacer\">\n\t\t\t<div class=\"elementor-spacer-inner\"><\/div>\n\t\t<\/div>\n\t\t\t\t\t\t<\/div>\n\t\t\t\t<\/div>\n\t\t\t\t<div class=\"elementor-element elementor-element-3b26a13 animated-slow elementor-invisible elementor-widget elementor-widget-heading\" data-id=\"3b26a13\" data-element_type=\"widget\" data-settings=\"{&quot;_animation&quot;:&quot;fadeInUp&quot;,&quot;_animation_delay&quot;:1000}\" data-widget_type=\"heading.default\">\n\t\t\t\t<div class=\"elementor-widget-container\">\n\t\t\t\t\t<h1 class=\"elementor-heading-title elementor-size-default\">West Kerry Museum<\/h1>\t\t\t\t<\/div>\n\t\t\t\t<\/div>\n\t\t\t\t\t<\/div>\n\t\t<\/div>\n\t\t\t\t\t<\/div>\n\t\t<\/section>\n\t\t\t\t<section class=\"elementor-section elementor-top-section elementor-element elementor-element-c0f729d elementor-section-stretched elementor-section-full_width elementor-section-height-default elementor-section-height-default\" data-id=\"c0f729d\" data-element_type=\"section\" data-settings=\"{&quot;stretch_section&quot;:&quot;section-stretched&quot;}\">\n\t\t\t\t\t\t<div class=\"elementor-container elementor-column-gap-default\">\n\t\t\t\t\t<div class=\"elementor-column elementor-col-50 elementor-top-column elementor-element elementor-element-13f4678\" data-id=\"13f4678\" data-element_type=\"column\">\n\t\t\t<div class=\"elementor-widget-wrap elementor-element-populated\">\n\t\t\t\t\t\t<div class=\"elementor-element elementor-element-6f03257 elementor-widget elementor-widget-emage_hover_effects\" data-id=\"6f03257\" data-element_type=\"widget\" data-widget_type=\"emage_hover_effects.default\">\n\t\t\t\t<div class=\"elementor-widget-container\">\n\t\t\t\t\t\r\n\t\t\t<div class=\"imghvr-wrapper\">\r\n\t\t\t\t<div class=\"imghvr\">\r\n\t\t\t\t\t\t\t\t\t\t<div class=\"imghvr-overlay imghvr-anim-zoom-in-alt imghvr-anim-single\">\r\n\t\t\t\t\t\t<div><\/div>\r\n\t\t\t\t\t<\/div>\r\n\t\t\t\t\t\t\t\t\t\t<div class=\"imghvr-content-wrapper imghvr-content-right imghvr-anim-none\">\r\n\t\t\t\t\t\t\t\t\t\t\t\t\r\n\t\t\t\t<div class=\"imghvr-title ih-delay-zero imghvr-anim-none\">M\u00faseam<\/div>\r\n\r\n\t\t\t\t\t\t\t\t\t\t\r\n\t\t<div class=\"imghvr-buttons imghvr-buttons-row imghvr-buttons-icon-left\">\r\n\t\t\r\n\t\t\t\t\t\r\n\t\t\t<div class=\"imghvr-button-wrapper ih-delay-xs imghvr-anim-none\">\r\n\r\n\t\t\t\r\n\t\t\t\t<a href=\"https:\/\/westkerrymuseum.com\/ga\/about\/\" class=\"imghvr-button imghvr-button-1\">\r\n\r\n\t\t\t\tEolas\r\n\t\t\t\t<\/a>\r\n\r\n\t\t\t<\/div>\r\n\r\n\t\t\t\r\n\t\t<\/div>\r\n\r\n\t\t\t\t\t\t\t<\/div>\r\n\t\t\t\t\t<img fetchpriority=\"high\" decoding=\"async\" width=\"930\" height=\"676\" src=\"https:\/\/westkerrymuseum.com\/wp-content\/uploads\/2019\/09\/outside-black-white.jpg\" class=\"imghvr-anim-none imghvr-anim-zoom-in attachment-full size-full wp-image-1105\" alt=\"M\u00fasaem Chorca Dhuibhne \/ West Kerry Museum\" srcset=\"https:\/\/westkerrymuseum.com\/wp-content\/uploads\/2019\/09\/outside-black-white.jpg 930w, https:\/\/westkerrymuseum.com\/wp-content\/uploads\/2019\/09\/outside-black-white-300x218.jpg 300w, https:\/\/westkerrymuseum.com\/wp-content\/uploads\/2019\/09\/outside-black-white-768x558.jpg 768w\" sizes=\"(max-width: 930px) 100vw, 930px\" \/>\t\t\t\t<\/div>\r\n\t\t\t<\/div>\r\n\r\n\t\t\t\t\t\t\t<\/div>\n\t\t\t\t<\/div>\n\t\t\t\t\t<\/div>\n\t\t<\/div>\n\t\t\t\t<div class=\"elementor-column elementor-col-50 elementor-top-column elementor-element elementor-element-cda0236\" data-id=\"cda0236\" data-element_type=\"column\">\n\t\t\t<div class=\"elementor-widget-wrap elementor-element-populated\">\n\t\t\t\t\t\t<div class=\"elementor-element elementor-element-8bae105 elementor-widget elementor-widget-emage_hover_effects\" data-id=\"8bae105\" data-element_type=\"widget\" data-widget_type=\"emage_hover_effects.default\">\n\t\t\t\t<div class=\"elementor-widget-container\">\n\t\t\t\t\t\r\n\t\t\t<div class=\"imghvr-wrapper\">\r\n\t\t\t\t<div class=\"imghvr\">\r\n\t\t\t\t\t\t\t\t\t\t<div class=\"imghvr-overlay imghvr-anim-zoom-in-alt imghvr-anim-single\">\r\n\t\t\t\t\t\t<div><\/div>\r\n\t\t\t\t\t<\/div>\r\n\t\t\t\t\t\t\t\t\t\t<div class=\"imghvr-content-wrapper imghvr-content-right imghvr-anim-none\">\r\n\t\t\t\t\t\t\t\t\t\t\t\t\r\n\t\t\t\t<div class=\"imghvr-title ih-delay-zero imghvr-anim-none\">Leabhair agus Caf\u00e9<\/div>\r\n\r\n\t\t\t\t\t\t\t\t\t\t\r\n\t\t<div class=\"imghvr-buttons imghvr-buttons-row imghvr-buttons-icon-left\">\r\n\t\t\r\n\t\t\t\t\t\r\n\t\t\t<div class=\"imghvr-button-wrapper ih-delay-xs imghvr-anim-none\">\r\n\r\n\t\t\t\r\n\t\t\t\t<a href=\"https:\/\/westkerrymuseum.com\/ga\/leabhair\/\" class=\"imghvr-button imghvr-button-1\">\r\n\r\n\t\t\t\tEolas\r\n\t\t\t\t<\/a>\r\n\r\n\t\t\t<\/div>\r\n\r\n\t\t\t\r\n\t\t<\/div>\r\n\r\n\t\t\t\t\t\t\t<\/div>\r\n\t\t\t\t\t<img decoding=\"async\" width=\"700\" height=\"524\" src=\"https:\/\/westkerrymuseum.com\/wp-content\/uploads\/2019\/09\/bookshop-cafe.jpg\" class=\"imghvr-anim-none imghvr-anim-zoom-in attachment-full size-full wp-image-1122\" alt=\"Bookshop &amp; Cafe\" srcset=\"https:\/\/westkerrymuseum.com\/wp-content\/uploads\/2019\/09\/bookshop-cafe.jpg 700w, https:\/\/westkerrymuseum.com\/wp-content\/uploads\/2019\/09\/bookshop-cafe-300x225.jpg 300w\" sizes=\"(max-width: 700px) 100vw, 700px\" \/>\t\t\t\t<\/div>\r\n\t\t\t<\/div>\r\n\r\n\t\t\t\t\t\t\t<\/div>\n\t\t\t\t<\/div>\n\t\t\t\t\t<\/div>\n\t\t<\/div>\n\t\t\t\t\t<\/div>\n\t\t<\/section>\n\t\t\t\t<\/div>\n\t\t","protected":false},"excerpt":{"rendered":"<p>M\u00fasaem Chorca Dhuibhne West Kerry Museum M\u00faseam Eolas Leabhair agus Caf\u00e9 Eolas<\/p>\n","protected":false},"author":1,"featured_media":0,"parent":0,"menu_order":0,"comment_status":"closed","ping_status":"closed","template":"","meta":{"ocean_post_layout":"full-screen","ocean_both_sidebars_style":"","ocean_both_sidebars_content_width":0,"ocean_both_sidebars_sidebars_width":0,"ocean_sidebar":"0","ocean_second_sidebar":"0","ocean_disable_margins":"on","ocean_add_body_class":"","ocean_shortcode_before_top_bar":"","ocean_shortcode_after_top_bar":"","ocean_shortcode_before_header":"","ocean_shortcode_after_header":"","ocean_has_shortcode":"","ocean_shortcode_after_title":"","ocean_shortcode_before_footer_widgets":"","ocean_shortcode_after_footer_widgets":"","ocean_shortcode_before_footer_bottom":"","ocean_shortcode_after_footer_bottom":"","ocean_display_top_bar":"default","ocean_display_header":"default","ocean_header_style":"","ocean_center_header_left_menu":"0","ocean_custom_header_template":"0","ocean_custom_logo":0,"ocean_custom_retina_logo":0,"ocean_custom_logo_max_width":0,"ocean_custom_logo_tablet_max_width":0,"ocean_custom_logo_mobile_max_width":0,"ocean_custom_logo_max_height":0,"ocean_custom_logo_tablet_max_height":0,"ocean_custom_logo_mobile_max_height":0,"ocean_header_custom_menu":"0","ocean_menu_typo_font_family":"0","ocean_menu_typo_font_subset":"","ocean_menu_typo_font_size":0,"ocean_menu_typo_font_size_tablet":0,"ocean_menu_typo_font_size_mobile":0,"ocean_menu_typo_font_size_unit":"px","ocean_menu_typo_font_weight":"","ocean_menu_typo_font_weight_tablet":"","ocean_menu_typo_font_weight_mobile":"","ocean_menu_typo_transform":"","ocean_menu_typo_transform_tablet":"","ocean_menu_typo_transform_mobile":"","ocean_menu_typo_line_height":0,"ocean_menu_typo_line_height_tablet":0,"ocean_menu_typo_line_height_mobile":0,"ocean_menu_typo_line_height_unit":"","ocean_menu_typo_spacing":0,"ocean_menu_typo_spacing_tablet":0,"ocean_menu_typo_spacing_mobile":0,"ocean_menu_typo_spacing_unit":"","ocean_menu_link_color":"","ocean_menu_link_color_hover":"","ocean_menu_link_color_active":"","ocean_menu_link_background":"","ocean_menu_link_hover_background":"","ocean_menu_link_active_background":"","ocean_menu_social_links_bg":"","ocean_menu_social_hover_links_bg":"","ocean_menu_social_links_color":"","ocean_menu_social_hover_links_color":"","ocean_disable_title":"on","ocean_disable_heading":"default","ocean_post_title":"","ocean_post_subheading":"","ocean_post_title_style":"","ocean_post_title_background_color":"","ocean_post_title_background":0,"ocean_post_title_bg_image_position":"","ocean_post_title_bg_image_attachment":"","ocean_post_title_bg_image_repeat":"","ocean_post_title_bg_image_size":"","ocean_post_title_height":0,"ocean_post_title_bg_overlay":0.5,"ocean_post_title_bg_overlay_color":"","ocean_disable_breadcrumbs":"default","ocean_breadcrumbs_color":"","ocean_breadcrumbs_separator_color":"","ocean_breadcrumbs_links_color":"","ocean_breadcrumbs_links_hover_color":"","ocean_display_footer_widgets":"default","ocean_display_footer_bottom":"default","ocean_custom_footer_template":"0","footnotes":""},"class_list":["post-1213","page","type-page","status-publish","hentry","entry"],"yoast_head":"<!-- This site is optimized with the Yoast SEO plugin v26.6 - https:\/\/yoast.com\/wordpress\/plugins\/seo\/ -->\n<title>Home GA - West Kerry Museum<\/title>\n<meta name=\"robots\" content=\"index, follow, max-snippet:-1, max-image-preview:large, max-video-preview:-1\" \/>\n<link rel=\"canonical\" href=\"https:\/\/westkerrymuseum.com\/ga\/\" \/>\n<meta property=\"og:locale\" content=\"ga_IE\" \/>\n<meta property=\"og:type\" content=\"article\" \/>\n<meta property=\"og:title\" content=\"Home GA - West Kerry Museum\" \/>\n<meta property=\"og:description\" content=\"M\u00fasaem Chorca Dhuibhne West Kerry Museum M\u00faseam Eolas Leabhair agus Caf\u00e9 Eolas\" \/>\n<meta property=\"og:url\" content=\"https:\/\/westkerrymuseum.com\/ga\/\" \/>\n<meta property=\"og:site_name\" content=\"West Kerry Museum\" \/>\n<meta property=\"article:modified_time\" content=\"2019-09-10T09:53:26+00:00\" \/>\n<meta property=\"og:image\" content=\"https:\/\/westkerrymuseum.com\/\/wp-content\/uploads\/2019\/09\/outside-black-white.jpg\" \/>\n<meta name=\"twitter:card\" content=\"summary_large_image\" \/>\n<script type=\"application\/ld+json\" class=\"yoast-schema-graph\">{\"@context\":\"https:\/\/schema.org\",\"@graph\":[{\"@type\":\"WebPage\",\"@id\":\"https:\/\/westkerrymuseum.com\/ga\/\",\"url\":\"https:\/\/westkerrymuseum.com\/ga\/\",\"name\":\"Home GA - West Kerry Museum\",\"isPartOf\":{\"@id\":\"https:\/\/westkerrymuseum.com\/ga\/#website\"},\"primaryImageOfPage\":{\"@id\":\"https:\/\/westkerrymuseum.com\/ga\/#primaryimage\"},\"image\":{\"@id\":\"https:\/\/westkerrymuseum.com\/ga\/#primaryimage\"},\"thumbnailUrl\":\"https:\/\/westkerrymuseum.com\/\/wp-content\/uploads\/2019\/09\/outside-black-white.jpg\",\"datePublished\":\"2019-09-10T09:26:33+00:00\",\"dateModified\":\"2019-09-10T09:53:26+00:00\",\"breadcrumb\":{\"@id\":\"https:\/\/westkerrymuseum.com\/ga\/#breadcrumb\"},\"inLanguage\":\"ga-IE\",\"potentialAction\":[{\"@type\":\"ReadAction\",\"target\":[\"https:\/\/westkerrymuseum.com\/ga\/\"]}]},{\"@type\":\"ImageObject\",\"inLanguage\":\"ga-IE\",\"@id\":\"https:\/\/westkerrymuseum.com\/ga\/#primaryimage\",\"url\":\"https:\/\/westkerrymuseum.com\/\/wp-content\/uploads\/2019\/09\/outside-black-white.jpg\",\"contentUrl\":\"https:\/\/westkerrymuseum.com\/\/wp-content\/uploads\/2019\/09\/outside-black-white.jpg\"},{\"@type\":\"BreadcrumbList\",\"@id\":\"https:\/\/westkerrymuseum.com\/ga\/#breadcrumb\",\"itemListElement\":[{\"@type\":\"ListItem\",\"position\":1,\"name\":\"Home\",\"item\":\"https:\/\/westkerrymuseum.com\/ga\/\"},{\"@type\":\"ListItem\",\"position\":2,\"name\":\"Home GA\"}]},{\"@type\":\"WebSite\",\"@id\":\"https:\/\/westkerrymuseum.com\/ga\/#website\",\"url\":\"https:\/\/westkerrymuseum.com\/ga\/\",\"name\":\"West Kerry Museum\",\"description\":\"Culture &amp; Heritage Museum in West Kerry, Ireland\",\"publisher\":{\"@id\":\"https:\/\/westkerrymuseum.com\/ga\/#organization\"},\"potentialAction\":[{\"@type\":\"SearchAction\",\"target\":{\"@type\":\"EntryPoint\",\"urlTemplate\":\"https:\/\/westkerrymuseum.com\/ga\/?s={search_term_string}\"},\"query-input\":{\"@type\":\"PropertyValueSpecification\",\"valueRequired\":true,\"valueName\":\"search_term_string\"}}],\"inLanguage\":\"ga-IE\"},{\"@type\":\"Organization\",\"@id\":\"https:\/\/westkerrymuseum.com\/ga\/#organization\",\"name\":\"West Kerry Museum\",\"url\":\"https:\/\/westkerrymuseum.com\/ga\/\",\"logo\":{\"@type\":\"ImageObject\",\"inLanguage\":\"ga-IE\",\"@id\":\"https:\/\/westkerrymuseum.com\/ga\/#\/schema\/logo\/image\/\",\"url\":\"https:\/\/westkerrymuseum.com\/wp-content\/uploads\/2019\/08\/west-kerry-museum-logo-1.png\",\"contentUrl\":\"https:\/\/westkerrymuseum.com\/wp-content\/uploads\/2019\/08\/west-kerry-museum-logo-1.png\",\"width\":500,\"height\":219,\"caption\":\"West Kerry Museum\"},\"image\":{\"@id\":\"https:\/\/westkerrymuseum.com\/ga\/#\/schema\/logo\/image\/\"}}]}<\/script>\n<!-- \/ Yoast SEO plugin. -->","yoast_head_json":{"title":"Home GA - West Kerry Museum","robots":{"index":"index","follow":"follow","max-snippet":"max-snippet:-1","max-image-preview":"max-image-preview:large","max-video-preview":"max-video-preview:-1"},"canonical":"https:\/\/westkerrymuseum.com\/ga\/","og_locale":"ga_IE","og_type":"article","og_title":"Home GA - West Kerry Museum","og_description":"M\u00fasaem Chorca Dhuibhne West Kerry Museum M\u00faseam Eolas Leabhair agus Caf\u00e9 Eolas","og_url":"https:\/\/westkerrymuseum.com\/ga\/","og_site_name":"West Kerry Museum","article_modified_time":"2019-09-10T09:53:26+00:00","og_image":[{"url":"https:\/\/westkerrymuseum.com\/\/wp-content\/uploads\/2019\/09\/outside-black-white.jpg","type":"","width":"","height":""}],"twitter_card":"summary_large_image","schema":{"@context":"https:\/\/schema.org","@graph":[{"@type":"WebPage","@id":"https:\/\/westkerrymuseum.com\/ga\/","url":"https:\/\/westkerrymuseum.com\/ga\/","name":"Home GA - West Kerry Museum","isPartOf":{"@id":"https:\/\/westkerrymuseum.com\/ga\/#website"},"primaryImageOfPage":{"@id":"https:\/\/westkerrymuseum.com\/ga\/#primaryimage"},"image":{"@id":"https:\/\/westkerrymuseum.com\/ga\/#primaryimage"},"thumbnailUrl":"https:\/\/westkerrymuseum.com\/\/wp-content\/uploads\/2019\/09\/outside-black-white.jpg","datePublished":"2019-09-10T09:26:33+00:00","dateModified":"2019-09-10T09:53:26+00:00","breadcrumb":{"@id":"https:\/\/westkerrymuseum.com\/ga\/#breadcrumb"},"inLanguage":"ga-IE","potentialAction":[{"@type":"ReadAction","target":["https:\/\/westkerrymuseum.com\/ga\/"]}]},{"@type":"ImageObject","inLanguage":"ga-IE","@id":"https:\/\/westkerrymuseum.com\/ga\/#primaryimage","url":"https:\/\/westkerrymuseum.com\/\/wp-content\/uploads\/2019\/09\/outside-black-white.jpg","contentUrl":"https:\/\/westkerrymuseum.com\/\/wp-content\/uploads\/2019\/09\/outside-black-white.jpg"},{"@type":"BreadcrumbList","@id":"https:\/\/westkerrymuseum.com\/ga\/#breadcrumb","itemListElement":[{"@type":"ListItem","position":1,"name":"Home","item":"https:\/\/westkerrymuseum.com\/ga\/"},{"@type":"ListItem","position":2,"name":"Home GA"}]},{"@type":"WebSite","@id":"https:\/\/westkerrymuseum.com\/ga\/#website","url":"https:\/\/westkerrymuseum.com\/ga\/","name":"West Kerry Museum","description":"Culture &amp; Heritage Museum in West Kerry, Ireland","publisher":{"@id":"https:\/\/westkerrymuseum.com\/ga\/#organization"},"potentialAction":[{"@type":"SearchAction","target":{"@type":"EntryPoint","urlTemplate":"https:\/\/westkerrymuseum.com\/ga\/?s={search_term_string}"},"query-input":{"@type":"PropertyValueSpecification","valueRequired":true,"valueName":"search_term_string"}}],"inLanguage":"ga-IE"},{"@type":"Organization","@id":"https:\/\/westkerrymuseum.com\/ga\/#organization","name":"West Kerry Museum","url":"https:\/\/westkerrymuseum.com\/ga\/","logo":{"@type":"ImageObject","inLanguage":"ga-IE","@id":"https:\/\/westkerrymuseum.com\/ga\/#\/schema\/logo\/image\/","url":"https:\/\/westkerrymuseum.com\/wp-content\/uploads\/2019\/08\/west-kerry-museum-logo-1.png","contentUrl":"https:\/\/westkerrymuseum.com\/wp-content\/uploads\/2019\/08\/west-kerry-museum-logo-1.png","width":500,"height":219,"caption":"West Kerry Museum"},"image":{"@id":"https:\/\/westkerrymuseum.com\/ga\/#\/schema\/logo\/image\/"}}]}},"_links":{"self":[{"href":"https:\/\/westkerrymuseum.com\/ga\/wp-json\/wp\/v2\/pages\/1213","targetHints":{"allow":["GET"]}}],"collection":[{"href":"https:\/\/westkerrymuseum.com\/ga\/wp-json\/wp\/v2\/pages"}],"about":[{"href":"https:\/\/westkerrymuseum.com\/ga\/wp-json\/wp\/v2\/types\/page"}],"author":[{"embeddable":true,"href":"https:\/\/westkerrymuseum.com\/ga\/wp-json\/wp\/v2\/users\/1"}],"replies":[{"embeddable":true,"href":"https:\/\/westkerrymuseum.com\/ga\/wp-json\/wp\/v2\/comments?post=1213"}],"version-history":[{"count":5,"href":"https:\/\/westkerrymuseum.com\/ga\/wp-json\/wp\/v2\/pages\/1213\/revisions"}],"predecessor-version":[{"id":1223,"href":"https:\/\/westkerrymuseum.com\/ga\/wp-json\/wp\/v2\/pages\/1213\/revisions\/1223"}],"wp:attachment":[{"href":"https:\/\/westkerrymuseum.com\/ga\/wp-json\/wp\/v2\/media?parent=1213"}],"curies":[{"name":"wp","href":"https:\/\/api.w.org\/{rel}","templated":true}]}}