{"id":1037,"date":"2019-08-03T23:08:29","date_gmt":"2019-08-03T23:08:29","guid":{"rendered":"https:\/\/dev14.buchanan-solutions.com?page_id=1037"},"modified":"2019-08-03T23:08:32","modified_gmt":"2019-08-03T23:08:32","slug":"leabhair","status":"publish","type":"page","link":"https:\/\/westkerrymuseum.com\/ga\/leabhair\/","title":{"rendered":"Leabhair"},"content":{"rendered":"\n<h1 class=\"wp-block-heading\">Leabhair agus caf\u00e9<\/h1>\n\n\n\n<p>T\u00e1 leabhair shuimi\u00fala ar f\u00e1il sa siopa leabhar ar stair agus ar sheand\u00e1la\u00edocht na leithinise, chomh maith le leabhair thagartha do mhic l\u00e9inn is do lucht foghlama is lucht taighde na Gaoluinne.<br>T\u00e1 roinnt mhaith leabhar do leana\u00ed ann, leabhair ar na Blascaoda\u00ed, ar bhl\u00e1thanna agus ar fhiashaol na leithinise agus araile. D\u00edoltar treoirleabhair agus l\u00e9arsc\u00e1ileanna don si\u00fal agus don dreapad\u00f3ireacht, carta\u00ed poist agus beannachta\u00ed, f\u00edst\u00e9ipeanna, dl\u00fathdhiosca\u00ed agus \u00e1bhar agus \u00e1iseanna teagaisc do mh\u00faineadh na Gaoluinne.<br>Agus t\u00fa sa siopa leabhar is f\u00e9idir cupa caif\u00e9 a \u00f3l sa chaf\u00e9 &#8211; is f\u00e9idir espresso, latt\u00e9, cappucino etc. a bheith agat.<\/p>\n\n\n\n<figure class=\"wp-block-image\"><img fetchpriority=\"high\" decoding=\"async\" width=\"640\" height=\"462\" src=\"https:\/\/westkerrymuseum.com\/\/wp-content\/uploads\/2019\/07\/01-4.jpg\" alt=\"Bookshop &amp; Cafe\" class=\"wp-image-272\" srcset=\"https:\/\/westkerrymuseum.com\/wp-content\/uploads\/2019\/07\/01-4.jpg 640w, https:\/\/westkerrymuseum.com\/wp-content\/uploads\/2019\/07\/01-4-300x217.jpg 300w\" sizes=\"(max-width: 640px) 100vw, 640px\" \/><\/figure>\n\n\n\n<h4 class=\"wp-block-heading\">Foilseach\u00e1n Oidhreacht Chorca Dhuibhne<\/h4>\n\n\n\n<h4 class=\"wp-block-heading\">Fl\u00f3ra Chorca Dhuibhne<\/h4>\n\n\n\n<p>Aspects of the Flora of Corca Dhuibhne (1995): ISBN 0-906096-07-3<\/p>\n\n\n\n<p><\/p>\n\n\n\n<p>Beidh sp\u00e9is sa leabhar seo ag gach aon duine ar suim leis Corca Dhuibhne, go h\u00e1irithe \u00f3 thaobh an n\u00e1d\u00fair de. Cur s\u00edos at\u00e1 sa leabhar seo ar fhl\u00f3ra Chorca Dhuibhne. T\u00e1 cur s\u00edos ann ar mh\u00f3r\u00e1n de ghn\u00e1thphlanda\u00ed Chorca Dhuibhne le picti\u00fair\u00ed \u00e1ille daite. Taispe\u00e1ntar na planda\u00ed ina dtimpeallacht n\u00e1d\u00fartha, le cur s\u00edos ar n\u00f3sanna, ar leigheasanna traidisi\u00fanta agus ar an mb\u00e9aloideas a bhaineann leo. Praghas: \u20ac15.00.<br>Is f\u00e9idir \u00e9 a fh\u00e1il tr\u00edd an su\u00edomh seo:<br><a href=\"http:\/\/www.oidhreacht.ie\/foilseachain.asp\" target=\"_blank\" rel=\"noreferrer noopener\">www.oidhreacht.ie\/foilseachain.asp<\/a><\/p>\n\n\n\n<ul class=\"wp-block-gallery columns-3 is-cropped wp-block-gallery-1 is-layout-flex wp-block-gallery-is-layout-flex\"><li class=\"blocks-gallery-item\"><figure><img decoding=\"async\" width=\"200\" height=\"309\" src=\"https:\/\/westkerrymuseum.com\/\/wp-content\/uploads\/2019\/07\/03-3.jpg\" alt=\"Clocha Oghaim - Chorca Dhuibhne\" data-id=\"276\" data-link=\"https:\/\/westkerrymuseum.com\/?attachment_id=276&amp;lang=ga\" class=\"wp-image-276\" srcset=\"https:\/\/westkerrymuseum.com\/wp-content\/uploads\/2019\/07\/03-3.jpg 200w, https:\/\/westkerrymuseum.com\/wp-content\/uploads\/2019\/07\/03-3-194x300.jpg 194w\" sizes=\"(max-width: 200px) 100vw, 200px\" \/><\/figure><\/li><li class=\"blocks-gallery-item\"><figure><img decoding=\"async\" width=\"447\" height=\"633\" src=\"https:\/\/westkerrymuseum.com\/\/wp-content\/uploads\/2019\/07\/flora.jpg\" alt=\"Fl\u00f3ra Chorca Dhuibhne\" data-id=\"280\" data-link=\"https:\/\/westkerrymuseum.com\/?attachment_id=280&amp;lang=ga\" class=\"wp-image-280\" srcset=\"https:\/\/westkerrymuseum.com\/wp-content\/uploads\/2019\/07\/flora.jpg 447w, https:\/\/westkerrymuseum.com\/wp-content\/uploads\/2019\/07\/flora-212x300.jpg 212w\" sizes=\"(max-width: 447px) 100vw, 447px\" \/><\/figure><\/li><li class=\"blocks-gallery-item\"><figure><img loading=\"lazy\" decoding=\"async\" width=\"350\" height=\"249\" src=\"https:\/\/westkerrymuseum.com\/\/wp-content\/uploads\/2019\/07\/04-3.jpg\" alt=\"Former President Mary Mc Aleese\" data-id=\"278\" data-link=\"https:\/\/westkerrymuseum.com\/?attachment_id=278&amp;lang=ga\" class=\"wp-image-278\" srcset=\"https:\/\/westkerrymuseum.com\/wp-content\/uploads\/2019\/07\/04-3.jpg 350w, https:\/\/westkerrymuseum.com\/wp-content\/uploads\/2019\/07\/04-3-300x213.jpg 300w\" sizes=\"(max-width: 350px) 100vw, 350px\" \/><\/figure><\/li><\/ul>\n","protected":false},"excerpt":{"rendered":"<p>Leabhair agus caf\u00e9 T\u00e1 leabhair shuimi\u00fala ar f\u00e1il sa siopa leabhar ar stair agus ar sheand\u00e1la\u00edocht na leithinise, chomh maith le leabhair thagartha do mhic l\u00e9inn is do lucht foghlama is lucht taighde na Gaoluinne.T\u00e1 roinnt mhaith leabhar do leana\u00ed ann, leabhair ar na Blascaoda\u00ed, ar bhl\u00e1thanna agus ar fhiashaol na leithinise agus araile. D\u00edoltar [&hellip;]<\/p>\n","protected":false},"author":3,"featured_media":0,"parent":0,"menu_order":0,"comment_status":"closed","ping_status":"closed","template":"","meta":{"ocean_post_layout":"","ocean_both_sidebars_style":"","ocean_both_sidebars_content_width":0,"ocean_both_sidebars_sidebars_width":0,"ocean_sidebar":"","ocean_second_sidebar":"","ocean_disable_margins":"enable","ocean_add_body_class":"","ocean_shortcode_before_top_bar":"","ocean_shortcode_after_top_bar":"","ocean_shortcode_before_header":"","ocean_shortcode_after_header":"","ocean_has_shortcode":"","ocean_shortcode_after_title":"","ocean_shortcode_before_footer_widgets":"","ocean_shortcode_after_footer_widgets":"","ocean_shortcode_before_footer_bottom":"","ocean_shortcode_after_footer_bottom":"","ocean_display_top_bar":"default","ocean_display_header":"default","ocean_header_style":"","ocean_center_header_left_menu":"","ocean_custom_header_template":"","ocean_custom_logo":0,"ocean_custom_retina_logo":0,"ocean_custom_logo_max_width":0,"ocean_custom_logo_tablet_max_width":0,"ocean_custom_logo_mobile_max_width":0,"ocean_custom_logo_max_height":0,"ocean_custom_logo_tablet_max_height":0,"ocean_custom_logo_mobile_max_height":0,"ocean_header_custom_menu":"","ocean_menu_typo_font_family":"","ocean_menu_typo_font_subset":"","ocean_menu_typo_font_size":0,"ocean_menu_typo_font_size_tablet":0,"ocean_menu_typo_font_size_mobile":0,"ocean_menu_typo_font_size_unit":"px","ocean_menu_typo_font_weight":"","ocean_menu_typo_font_weight_tablet":"","ocean_menu_typo_font_weight_mobile":"","ocean_menu_typo_transform":"","ocean_menu_typo_transform_tablet":"","ocean_menu_typo_transform_mobile":"","ocean_menu_typo_line_height":0,"ocean_menu_typo_line_height_tablet":0,"ocean_menu_typo_line_height_mobile":0,"ocean_menu_typo_line_height_unit":"","ocean_menu_typo_spacing":0,"ocean_menu_typo_spacing_tablet":0,"ocean_menu_typo_spacing_mobile":0,"ocean_menu_typo_spacing_unit":"","ocean_menu_link_color":"","ocean_menu_link_color_hover":"","ocean_menu_link_color_active":"","ocean_menu_link_background":"","ocean_menu_link_hover_background":"","ocean_menu_link_active_background":"","ocean_menu_social_links_bg":"","ocean_menu_social_hover_links_bg":"","ocean_menu_social_links_color":"","ocean_menu_social_hover_links_color":"","ocean_disable_title":"default","ocean_disable_heading":"default","ocean_post_title":"Bookshop and Cafe at West Kerry Museum","ocean_post_subheading":"Improve your knowledge of Irish with a coffee and slice of cake","ocean_post_title_style":"","ocean_post_title_background_color":"","ocean_post_title_background":0,"ocean_post_title_bg_image_position":"","ocean_post_title_bg_image_attachment":"","ocean_post_title_bg_image_repeat":"","ocean_post_title_bg_image_size":"","ocean_post_title_height":0,"ocean_post_title_bg_overlay":0.5,"ocean_post_title_bg_overlay_color":"","ocean_disable_breadcrumbs":"default","ocean_breadcrumbs_color":"","ocean_breadcrumbs_separator_color":"","ocean_breadcrumbs_links_color":"","ocean_breadcrumbs_links_hover_color":"","ocean_display_footer_widgets":"default","ocean_display_footer_bottom":"default","ocean_custom_footer_template":"","footnotes":""},"class_list":["post-1037","page","type-page","status-publish","hentry","entry"],"yoast_head":"<!-- This site is optimized with the Yoast SEO plugin v26.6 - https:\/\/yoast.com\/wordpress\/plugins\/seo\/ -->\n<title>Leabhair - West Kerry Museum<\/title>\n<meta name=\"robots\" content=\"index, follow, max-snippet:-1, max-image-preview:large, max-video-preview:-1\" \/>\n<link rel=\"canonical\" href=\"https:\/\/westkerrymuseum.com\/ga\/leabhair\/\" \/>\n<meta property=\"og:locale\" content=\"ga_IE\" \/>\n<meta property=\"og:type\" content=\"article\" \/>\n<meta property=\"og:title\" content=\"Leabhair - West Kerry Museum\" \/>\n<meta property=\"og:description\" content=\"Leabhair agus caf\u00e9 T\u00e1 leabhair shuimi\u00fala ar f\u00e1il sa siopa leabhar ar stair agus ar sheand\u00e1la\u00edocht na leithinise, chomh maith le leabhair thagartha do mhic l\u00e9inn is do lucht foghlama is lucht taighde na Gaoluinne.T\u00e1 roinnt mhaith leabhar do leana\u00ed ann, leabhair ar na Blascaoda\u00ed, ar bhl\u00e1thanna agus ar fhiashaol na leithinise agus araile. D\u00edoltar [&hellip;]\" \/>\n<meta property=\"og:url\" content=\"https:\/\/westkerrymuseum.com\/ga\/leabhair\/\" \/>\n<meta property=\"og:site_name\" content=\"West Kerry Museum\" \/>\n<meta property=\"article:modified_time\" content=\"2019-08-03T23:08:32+00:00\" \/>\n<meta property=\"og:image\" content=\"https:\/\/westkerrymuseum.com\/\/wp-content\/uploads\/2019\/07\/01-4.jpg\" \/>\n<meta name=\"twitter:card\" content=\"summary_large_image\" \/>\n<meta name=\"twitter:label1\" content=\"Est. reading time\" \/>\n\t<meta name=\"twitter:data1\" content=\"1 minute\" \/>\n<script type=\"application\/ld+json\" class=\"yoast-schema-graph\">{\"@context\":\"https:\/\/schema.org\",\"@graph\":[{\"@type\":\"WebPage\",\"@id\":\"https:\/\/westkerrymuseum.com\/ga\/leabhair\/\",\"url\":\"https:\/\/westkerrymuseum.com\/ga\/leabhair\/\",\"name\":\"Leabhair - West Kerry Museum\",\"isPartOf\":{\"@id\":\"https:\/\/westkerrymuseum.com\/ga\/#website\"},\"primaryImageOfPage\":{\"@id\":\"https:\/\/westkerrymuseum.com\/ga\/leabhair\/#primaryimage\"},\"image\":{\"@id\":\"https:\/\/westkerrymuseum.com\/ga\/leabhair\/#primaryimage\"},\"thumbnailUrl\":\"https:\/\/westkerrymuseum.com\/\/wp-content\/uploads\/2019\/07\/01-4.jpg\",\"datePublished\":\"2019-08-03T23:08:29+00:00\",\"dateModified\":\"2019-08-03T23:08:32+00:00\",\"breadcrumb\":{\"@id\":\"https:\/\/westkerrymuseum.com\/ga\/leabhair\/#breadcrumb\"},\"inLanguage\":\"ga-IE\",\"potentialAction\":[{\"@type\":\"ReadAction\",\"target\":[\"https:\/\/westkerrymuseum.com\/ga\/leabhair\/\"]}]},{\"@type\":\"ImageObject\",\"inLanguage\":\"ga-IE\",\"@id\":\"https:\/\/westkerrymuseum.com\/ga\/leabhair\/#primaryimage\",\"url\":\"https:\/\/westkerrymuseum.com\/\/wp-content\/uploads\/2019\/07\/01-4.jpg\",\"contentUrl\":\"https:\/\/westkerrymuseum.com\/\/wp-content\/uploads\/2019\/07\/01-4.jpg\"},{\"@type\":\"BreadcrumbList\",\"@id\":\"https:\/\/westkerrymuseum.com\/ga\/leabhair\/#breadcrumb\",\"itemListElement\":[{\"@type\":\"ListItem\",\"position\":1,\"name\":\"Home\",\"item\":\"https:\/\/westkerrymuseum.com\/ga\/\"},{\"@type\":\"ListItem\",\"position\":2,\"name\":\"Leabhair\"}]},{\"@type\":\"WebSite\",\"@id\":\"https:\/\/westkerrymuseum.com\/ga\/#website\",\"url\":\"https:\/\/westkerrymuseum.com\/ga\/\",\"name\":\"West Kerry Museum\",\"description\":\"Culture &amp; Heritage Museum in West Kerry, Ireland\",\"publisher\":{\"@id\":\"https:\/\/westkerrymuseum.com\/ga\/#organization\"},\"potentialAction\":[{\"@type\":\"SearchAction\",\"target\":{\"@type\":\"EntryPoint\",\"urlTemplate\":\"https:\/\/westkerrymuseum.com\/ga\/?s={search_term_string}\"},\"query-input\":{\"@type\":\"PropertyValueSpecification\",\"valueRequired\":true,\"valueName\":\"search_term_string\"}}],\"inLanguage\":\"ga-IE\"},{\"@type\":\"Organization\",\"@id\":\"https:\/\/westkerrymuseum.com\/ga\/#organization\",\"name\":\"West Kerry Museum\",\"url\":\"https:\/\/westkerrymuseum.com\/ga\/\",\"logo\":{\"@type\":\"ImageObject\",\"inLanguage\":\"ga-IE\",\"@id\":\"https:\/\/westkerrymuseum.com\/ga\/#\/schema\/logo\/image\/\",\"url\":\"https:\/\/westkerrymuseum.com\/wp-content\/uploads\/2019\/08\/west-kerry-museum-logo-1.png\",\"contentUrl\":\"https:\/\/westkerrymuseum.com\/wp-content\/uploads\/2019\/08\/west-kerry-museum-logo-1.png\",\"width\":500,\"height\":219,\"caption\":\"West Kerry Museum\"},\"image\":{\"@id\":\"https:\/\/westkerrymuseum.com\/ga\/#\/schema\/logo\/image\/\"}}]}<\/script>\n<!-- \/ Yoast SEO plugin. -->","yoast_head_json":{"title":"Leabhair - West Kerry Museum","robots":{"index":"index","follow":"follow","max-snippet":"max-snippet:-1","max-image-preview":"max-image-preview:large","max-video-preview":"max-video-preview:-1"},"canonical":"https:\/\/westkerrymuseum.com\/ga\/leabhair\/","og_locale":"ga_IE","og_type":"article","og_title":"Leabhair - West Kerry Museum","og_description":"Leabhair agus caf\u00e9 T\u00e1 leabhair shuimi\u00fala ar f\u00e1il sa siopa leabhar ar stair agus ar sheand\u00e1la\u00edocht na leithinise, chomh maith le leabhair thagartha do mhic l\u00e9inn is do lucht foghlama is lucht taighde na Gaoluinne.T\u00e1 roinnt mhaith leabhar do leana\u00ed ann, leabhair ar na Blascaoda\u00ed, ar bhl\u00e1thanna agus ar fhiashaol na leithinise agus araile. D\u00edoltar [&hellip;]","og_url":"https:\/\/westkerrymuseum.com\/ga\/leabhair\/","og_site_name":"West Kerry Museum","article_modified_time":"2019-08-03T23:08:32+00:00","og_image":[{"url":"https:\/\/westkerrymuseum.com\/\/wp-content\/uploads\/2019\/07\/01-4.jpg","type":"","width":"","height":""}],"twitter_card":"summary_large_image","twitter_misc":{"Est. reading time":"1 minute"},"schema":{"@context":"https:\/\/schema.org","@graph":[{"@type":"WebPage","@id":"https:\/\/westkerrymuseum.com\/ga\/leabhair\/","url":"https:\/\/westkerrymuseum.com\/ga\/leabhair\/","name":"Leabhair - West Kerry Museum","isPartOf":{"@id":"https:\/\/westkerrymuseum.com\/ga\/#website"},"primaryImageOfPage":{"@id":"https:\/\/westkerrymuseum.com\/ga\/leabhair\/#primaryimage"},"image":{"@id":"https:\/\/westkerrymuseum.com\/ga\/leabhair\/#primaryimage"},"thumbnailUrl":"https:\/\/westkerrymuseum.com\/\/wp-content\/uploads\/2019\/07\/01-4.jpg","datePublished":"2019-08-03T23:08:29+00:00","dateModified":"2019-08-03T23:08:32+00:00","breadcrumb":{"@id":"https:\/\/westkerrymuseum.com\/ga\/leabhair\/#breadcrumb"},"inLanguage":"ga-IE","potentialAction":[{"@type":"ReadAction","target":["https:\/\/westkerrymuseum.com\/ga\/leabhair\/"]}]},{"@type":"ImageObject","inLanguage":"ga-IE","@id":"https:\/\/westkerrymuseum.com\/ga\/leabhair\/#primaryimage","url":"https:\/\/westkerrymuseum.com\/\/wp-content\/uploads\/2019\/07\/01-4.jpg","contentUrl":"https:\/\/westkerrymuseum.com\/\/wp-content\/uploads\/2019\/07\/01-4.jpg"},{"@type":"BreadcrumbList","@id":"https:\/\/westkerrymuseum.com\/ga\/leabhair\/#breadcrumb","itemListElement":[{"@type":"ListItem","position":1,"name":"Home","item":"https:\/\/westkerrymuseum.com\/ga\/"},{"@type":"ListItem","position":2,"name":"Leabhair"}]},{"@type":"WebSite","@id":"https:\/\/westkerrymuseum.com\/ga\/#website","url":"https:\/\/westkerrymuseum.com\/ga\/","name":"West Kerry Museum","description":"Culture &amp; Heritage Museum in West Kerry, Ireland","publisher":{"@id":"https:\/\/westkerrymuseum.com\/ga\/#organization"},"potentialAction":[{"@type":"SearchAction","target":{"@type":"EntryPoint","urlTemplate":"https:\/\/westkerrymuseum.com\/ga\/?s={search_term_string}"},"query-input":{"@type":"PropertyValueSpecification","valueRequired":true,"valueName":"search_term_string"}}],"inLanguage":"ga-IE"},{"@type":"Organization","@id":"https:\/\/westkerrymuseum.com\/ga\/#organization","name":"West Kerry Museum","url":"https:\/\/westkerrymuseum.com\/ga\/","logo":{"@type":"ImageObject","inLanguage":"ga-IE","@id":"https:\/\/westkerrymuseum.com\/ga\/#\/schema\/logo\/image\/","url":"https:\/\/westkerrymuseum.com\/wp-content\/uploads\/2019\/08\/west-kerry-museum-logo-1.png","contentUrl":"https:\/\/westkerrymuseum.com\/wp-content\/uploads\/2019\/08\/west-kerry-museum-logo-1.png","width":500,"height":219,"caption":"West Kerry Museum"},"image":{"@id":"https:\/\/westkerrymuseum.com\/ga\/#\/schema\/logo\/image\/"}}]}},"_links":{"self":[{"href":"https:\/\/westkerrymuseum.com\/ga\/wp-json\/wp\/v2\/pages\/1037","targetHints":{"allow":["GET"]}}],"collection":[{"href":"https:\/\/westkerrymuseum.com\/ga\/wp-json\/wp\/v2\/pages"}],"about":[{"href":"https:\/\/westkerrymuseum.com\/ga\/wp-json\/wp\/v2\/types\/page"}],"author":[{"embeddable":true,"href":"https:\/\/westkerrymuseum.com\/ga\/wp-json\/wp\/v2\/users\/3"}],"replies":[{"embeddable":true,"href":"https:\/\/westkerrymuseum.com\/ga\/wp-json\/wp\/v2\/comments?post=1037"}],"version-history":[{"count":1,"href":"https:\/\/westkerrymuseum.com\/ga\/wp-json\/wp\/v2\/pages\/1037\/revisions"}],"predecessor-version":[{"id":1038,"href":"https:\/\/westkerrymuseum.com\/ga\/wp-json\/wp\/v2\/pages\/1037\/revisions\/1038"}],"wp:attachment":[{"href":"https:\/\/westkerrymuseum.com\/ga\/wp-json\/wp\/v2\/media?parent=1037"}],"curies":[{"name":"wp","href":"https:\/\/api.w.org\/{rel}","templated":true}]}}