{"id":1035,"date":"2019-08-03T23:03:09","date_gmt":"2019-08-03T23:03:09","guid":{"rendered":"https:\/\/dev14.buchanan-solutions.com?page_id=1035"},"modified":"2019-08-03T23:03:12","modified_gmt":"2019-08-03T23:03:12","slug":"cartlann","status":"publish","type":"page","link":"https:\/\/westkerrymuseum.com\/ga\/cartlann\/","title":{"rendered":"Cartlann"},"content":{"rendered":"\n<h1 class=\"wp-block-heading\">Cartlann<\/h1>\n\n\n\n<h4 class=\"wp-block-heading\">Suirbh\u00e9 Seand\u00e1la\u00edochta Chorca Dhuibhne (1982-84)<\/h4>\n\n\n\n<p>Sa chartlann seo t\u00e1 na c\u00e1ip\u00e9is\u00ed go l\u00e9ir a bhfuil eolas is cur s\u00edos iontu ar gach su\u00edomh seand\u00e1la\u00edochta ar an leithinis, chomh maith le l\u00e9irsce\u00e1lanna, grianghraif, pleananna 7rl. Is feidir coinne a dh\u00e9anamh chun teacht ag f\u00e9achaint ar an gcartlann.<\/p>\n\n\n\n<figure class=\"wp-block-image\"><img fetchpriority=\"high\" decoding=\"async\" width=\"625\" height=\"859\" src=\"https:\/\/westkerrymuseum.com\/\/wp-content\/uploads\/2019\/07\/surveyl.jpg\" alt=\"Dingle Peninsula Archeological Survey\" class=\"wp-image-282\" srcset=\"https:\/\/westkerrymuseum.com\/wp-content\/uploads\/2019\/07\/surveyl.jpg 625w, https:\/\/westkerrymuseum.com\/wp-content\/uploads\/2019\/07\/surveyl-218x300.jpg 218w\" sizes=\"(max-width: 625px) 100vw, 625px\" \/><\/figure>\n\n\n\n<h4 class=\"wp-block-heading\">Fl\u00f3ra Chorca Dhuibhne.<\/h4>\n\n\n\n<p>\u2018S\u00e9 at\u00e1 sa chartlann n\u00e1 naoi gcinn d\u00e9ag d\u2019fhillte\u00e1in, picti\u00fair\u00ed daite is go leor eolais ar an r\u00e9amhobair go mba chuid de thionscnamh de chuid Oidhreacht Chorca Dhuibhne \u00ed ar bhl\u00e1thanna fi\u00e1ine na leithinise.<br>Leabharlann an Mh\u00fasaeim. Leabhair staire, leabhair f\u00e9n nd\u00falra, f\u00edst\u00e9ipeanna agus cais\u00e9id\u00ed a bronnadh ar an M\u00fasaem. Th\u00e1inig an-chuid des na leabhair \u00f3n Athair M\u00edche\u00e1l \u00f3 C\u00edos\u00e1in, iarshagart par\u00f3iste Bhaile an Fheirt\u00e9araigh agus stara\u00ed \u00e1iti\u00fail agus \u00f3 Mh\u00edche\u00e1l \u00f3 L\u00faing, N\u00e1d\u00fara\u00ed agus T\u00e1bhairneoir.<\/p>\n\n\n\n<figure class=\"wp-block-image\"><img decoding=\"async\" width=\"447\" height=\"633\" src=\"https:\/\/westkerrymuseum.com\/\/wp-content\/uploads\/2019\/07\/flora.jpg\" alt=\"Fl\u00f3ra Chorca Dhuibhne\" class=\"wp-image-280\" srcset=\"https:\/\/westkerrymuseum.com\/wp-content\/uploads\/2019\/07\/flora.jpg 447w, https:\/\/westkerrymuseum.com\/wp-content\/uploads\/2019\/07\/flora-212x300.jpg 212w\" sizes=\"(max-width: 447px) 100vw, 447px\" \/><\/figure>\n","protected":false},"excerpt":{"rendered":"<p>Cartlann Suirbh\u00e9 Seand\u00e1la\u00edochta Chorca Dhuibhne (1982-84) Sa chartlann seo t\u00e1 na c\u00e1ip\u00e9is\u00ed go l\u00e9ir a bhfuil eolas is cur s\u00edos iontu ar gach su\u00edomh seand\u00e1la\u00edochta ar an leithinis, chomh maith le l\u00e9irsce\u00e1lanna, grianghraif, pleananna 7rl. Is feidir coinne a dh\u00e9anamh chun teacht ag f\u00e9achaint ar an gcartlann. Fl\u00f3ra Chorca Dhuibhne. \u2018S\u00e9 at\u00e1 sa chartlann n\u00e1 [&hellip;]<\/p>\n","protected":false},"author":3,"featured_media":0,"parent":0,"menu_order":0,"comment_status":"closed","ping_status":"closed","template":"","meta":{"ocean_post_layout":"","ocean_both_sidebars_style":"","ocean_both_sidebars_content_width":0,"ocean_both_sidebars_sidebars_width":0,"ocean_sidebar":"","ocean_second_sidebar":"","ocean_disable_margins":"enable","ocean_add_body_class":"","ocean_shortcode_before_top_bar":"","ocean_shortcode_after_top_bar":"","ocean_shortcode_before_header":"","ocean_shortcode_after_header":"","ocean_has_shortcode":"","ocean_shortcode_after_title":"","ocean_shortcode_before_footer_widgets":"","ocean_shortcode_after_footer_widgets":"","ocean_shortcode_before_footer_bottom":"","ocean_shortcode_after_footer_bottom":"","ocean_display_top_bar":"default","ocean_display_header":"default","ocean_header_style":"","ocean_center_header_left_menu":"","ocean_custom_header_template":"","ocean_custom_logo":0,"ocean_custom_retina_logo":0,"ocean_custom_logo_max_width":0,"ocean_custom_logo_tablet_max_width":0,"ocean_custom_logo_mobile_max_width":0,"ocean_custom_logo_max_height":0,"ocean_custom_logo_tablet_max_height":0,"ocean_custom_logo_mobile_max_height":0,"ocean_header_custom_menu":"","ocean_menu_typo_font_family":"","ocean_menu_typo_font_subset":"","ocean_menu_typo_font_size":0,"ocean_menu_typo_font_size_tablet":0,"ocean_menu_typo_font_size_mobile":0,"ocean_menu_typo_font_size_unit":"px","ocean_menu_typo_font_weight":"","ocean_menu_typo_font_weight_tablet":"","ocean_menu_typo_font_weight_mobile":"","ocean_menu_typo_transform":"","ocean_menu_typo_transform_tablet":"","ocean_menu_typo_transform_mobile":"","ocean_menu_typo_line_height":0,"ocean_menu_typo_line_height_tablet":0,"ocean_menu_typo_line_height_mobile":0,"ocean_menu_typo_line_height_unit":"","ocean_menu_typo_spacing":0,"ocean_menu_typo_spacing_tablet":0,"ocean_menu_typo_spacing_mobile":0,"ocean_menu_typo_spacing_unit":"","ocean_menu_link_color":"","ocean_menu_link_color_hover":"","ocean_menu_link_color_active":"","ocean_menu_link_background":"","ocean_menu_link_hover_background":"","ocean_menu_link_active_background":"","ocean_menu_social_links_bg":"","ocean_menu_social_hover_links_bg":"","ocean_menu_social_links_color":"","ocean_menu_social_hover_links_color":"","ocean_disable_title":"default","ocean_disable_heading":"default","ocean_post_title":"","ocean_post_subheading":"","ocean_post_title_style":"","ocean_post_title_background_color":"","ocean_post_title_background":0,"ocean_post_title_bg_image_position":"","ocean_post_title_bg_image_attachment":"","ocean_post_title_bg_image_repeat":"","ocean_post_title_bg_image_size":"","ocean_post_title_height":0,"ocean_post_title_bg_overlay":0.5,"ocean_post_title_bg_overlay_color":"","ocean_disable_breadcrumbs":"default","ocean_breadcrumbs_color":"","ocean_breadcrumbs_separator_color":"","ocean_breadcrumbs_links_color":"","ocean_breadcrumbs_links_hover_color":"","ocean_display_footer_widgets":"default","ocean_display_footer_bottom":"default","ocean_custom_footer_template":"","footnotes":""},"class_list":["post-1035","page","type-page","status-publish","hentry","entry"],"yoast_head":"<!-- This site is optimized with the Yoast SEO plugin v26.6 - https:\/\/yoast.com\/wordpress\/plugins\/seo\/ -->\n<title>Cartlann - West Kerry Museum<\/title>\n<meta name=\"robots\" content=\"index, follow, max-snippet:-1, max-image-preview:large, max-video-preview:-1\" \/>\n<link rel=\"canonical\" href=\"https:\/\/westkerrymuseum.com\/ga\/cartlann\/\" \/>\n<meta property=\"og:locale\" content=\"ga_IE\" \/>\n<meta property=\"og:type\" content=\"article\" \/>\n<meta property=\"og:title\" content=\"Cartlann - West Kerry Museum\" \/>\n<meta property=\"og:description\" content=\"Cartlann Suirbh\u00e9 Seand\u00e1la\u00edochta Chorca Dhuibhne (1982-84) Sa chartlann seo t\u00e1 na c\u00e1ip\u00e9is\u00ed go l\u00e9ir a bhfuil eolas is cur s\u00edos iontu ar gach su\u00edomh seand\u00e1la\u00edochta ar an leithinis, chomh maith le l\u00e9irsce\u00e1lanna, grianghraif, pleananna 7rl. Is feidir coinne a dh\u00e9anamh chun teacht ag f\u00e9achaint ar an gcartlann. Fl\u00f3ra Chorca Dhuibhne. \u2018S\u00e9 at\u00e1 sa chartlann n\u00e1 [&hellip;]\" \/>\n<meta property=\"og:url\" content=\"https:\/\/westkerrymuseum.com\/ga\/cartlann\/\" \/>\n<meta property=\"og:site_name\" content=\"West Kerry Museum\" \/>\n<meta property=\"article:modified_time\" content=\"2019-08-03T23:03:12+00:00\" \/>\n<meta property=\"og:image\" content=\"https:\/\/westkerrymuseum.com\/\/wp-content\/uploads\/2019\/07\/surveyl.jpg\" \/>\n<meta name=\"twitter:card\" content=\"summary_large_image\" \/>\n<meta name=\"twitter:label1\" content=\"Est. reading time\" \/>\n\t<meta name=\"twitter:data1\" content=\"1 minute\" \/>\n<script type=\"application\/ld+json\" class=\"yoast-schema-graph\">{\"@context\":\"https:\/\/schema.org\",\"@graph\":[{\"@type\":\"WebPage\",\"@id\":\"https:\/\/westkerrymuseum.com\/ga\/cartlann\/\",\"url\":\"https:\/\/westkerrymuseum.com\/ga\/cartlann\/\",\"name\":\"Cartlann - West Kerry Museum\",\"isPartOf\":{\"@id\":\"https:\/\/westkerrymuseum.com\/ga\/#website\"},\"primaryImageOfPage\":{\"@id\":\"https:\/\/westkerrymuseum.com\/ga\/cartlann\/#primaryimage\"},\"image\":{\"@id\":\"https:\/\/westkerrymuseum.com\/ga\/cartlann\/#primaryimage\"},\"thumbnailUrl\":\"https:\/\/westkerrymuseum.com\/\/wp-content\/uploads\/2019\/07\/surveyl.jpg\",\"datePublished\":\"2019-08-03T23:03:09+00:00\",\"dateModified\":\"2019-08-03T23:03:12+00:00\",\"breadcrumb\":{\"@id\":\"https:\/\/westkerrymuseum.com\/ga\/cartlann\/#breadcrumb\"},\"inLanguage\":\"ga-IE\",\"potentialAction\":[{\"@type\":\"ReadAction\",\"target\":[\"https:\/\/westkerrymuseum.com\/ga\/cartlann\/\"]}]},{\"@type\":\"ImageObject\",\"inLanguage\":\"ga-IE\",\"@id\":\"https:\/\/westkerrymuseum.com\/ga\/cartlann\/#primaryimage\",\"url\":\"https:\/\/westkerrymuseum.com\/\/wp-content\/uploads\/2019\/07\/surveyl.jpg\",\"contentUrl\":\"https:\/\/westkerrymuseum.com\/\/wp-content\/uploads\/2019\/07\/surveyl.jpg\"},{\"@type\":\"BreadcrumbList\",\"@id\":\"https:\/\/westkerrymuseum.com\/ga\/cartlann\/#breadcrumb\",\"itemListElement\":[{\"@type\":\"ListItem\",\"position\":1,\"name\":\"Home\",\"item\":\"https:\/\/westkerrymuseum.com\/ga\/\"},{\"@type\":\"ListItem\",\"position\":2,\"name\":\"Cartlann\"}]},{\"@type\":\"WebSite\",\"@id\":\"https:\/\/westkerrymuseum.com\/ga\/#website\",\"url\":\"https:\/\/westkerrymuseum.com\/ga\/\",\"name\":\"West Kerry Museum\",\"description\":\"Culture &amp; Heritage Museum in West Kerry, Ireland\",\"publisher\":{\"@id\":\"https:\/\/westkerrymuseum.com\/ga\/#organization\"},\"potentialAction\":[{\"@type\":\"SearchAction\",\"target\":{\"@type\":\"EntryPoint\",\"urlTemplate\":\"https:\/\/westkerrymuseum.com\/ga\/?s={search_term_string}\"},\"query-input\":{\"@type\":\"PropertyValueSpecification\",\"valueRequired\":true,\"valueName\":\"search_term_string\"}}],\"inLanguage\":\"ga-IE\"},{\"@type\":\"Organization\",\"@id\":\"https:\/\/westkerrymuseum.com\/ga\/#organization\",\"name\":\"West Kerry Museum\",\"url\":\"https:\/\/westkerrymuseum.com\/ga\/\",\"logo\":{\"@type\":\"ImageObject\",\"inLanguage\":\"ga-IE\",\"@id\":\"https:\/\/westkerrymuseum.com\/ga\/#\/schema\/logo\/image\/\",\"url\":\"https:\/\/westkerrymuseum.com\/wp-content\/uploads\/2019\/08\/west-kerry-museum-logo-1.png\",\"contentUrl\":\"https:\/\/westkerrymuseum.com\/wp-content\/uploads\/2019\/08\/west-kerry-museum-logo-1.png\",\"width\":500,\"height\":219,\"caption\":\"West Kerry Museum\"},\"image\":{\"@id\":\"https:\/\/westkerrymuseum.com\/ga\/#\/schema\/logo\/image\/\"}}]}<\/script>\n<!-- \/ Yoast SEO plugin. -->","yoast_head_json":{"title":"Cartlann - West Kerry Museum","robots":{"index":"index","follow":"follow","max-snippet":"max-snippet:-1","max-image-preview":"max-image-preview:large","max-video-preview":"max-video-preview:-1"},"canonical":"https:\/\/westkerrymuseum.com\/ga\/cartlann\/","og_locale":"ga_IE","og_type":"article","og_title":"Cartlann - West Kerry Museum","og_description":"Cartlann Suirbh\u00e9 Seand\u00e1la\u00edochta Chorca Dhuibhne (1982-84) Sa chartlann seo t\u00e1 na c\u00e1ip\u00e9is\u00ed go l\u00e9ir a bhfuil eolas is cur s\u00edos iontu ar gach su\u00edomh seand\u00e1la\u00edochta ar an leithinis, chomh maith le l\u00e9irsce\u00e1lanna, grianghraif, pleananna 7rl. Is feidir coinne a dh\u00e9anamh chun teacht ag f\u00e9achaint ar an gcartlann. Fl\u00f3ra Chorca Dhuibhne. \u2018S\u00e9 at\u00e1 sa chartlann n\u00e1 [&hellip;]","og_url":"https:\/\/westkerrymuseum.com\/ga\/cartlann\/","og_site_name":"West Kerry Museum","article_modified_time":"2019-08-03T23:03:12+00:00","og_image":[{"url":"https:\/\/westkerrymuseum.com\/\/wp-content\/uploads\/2019\/07\/surveyl.jpg","type":"","width":"","height":""}],"twitter_card":"summary_large_image","twitter_misc":{"Est. reading time":"1 minute"},"schema":{"@context":"https:\/\/schema.org","@graph":[{"@type":"WebPage","@id":"https:\/\/westkerrymuseum.com\/ga\/cartlann\/","url":"https:\/\/westkerrymuseum.com\/ga\/cartlann\/","name":"Cartlann - West Kerry Museum","isPartOf":{"@id":"https:\/\/westkerrymuseum.com\/ga\/#website"},"primaryImageOfPage":{"@id":"https:\/\/westkerrymuseum.com\/ga\/cartlann\/#primaryimage"},"image":{"@id":"https:\/\/westkerrymuseum.com\/ga\/cartlann\/#primaryimage"},"thumbnailUrl":"https:\/\/westkerrymuseum.com\/\/wp-content\/uploads\/2019\/07\/surveyl.jpg","datePublished":"2019-08-03T23:03:09+00:00","dateModified":"2019-08-03T23:03:12+00:00","breadcrumb":{"@id":"https:\/\/westkerrymuseum.com\/ga\/cartlann\/#breadcrumb"},"inLanguage":"ga-IE","potentialAction":[{"@type":"ReadAction","target":["https:\/\/westkerrymuseum.com\/ga\/cartlann\/"]}]},{"@type":"ImageObject","inLanguage":"ga-IE","@id":"https:\/\/westkerrymuseum.com\/ga\/cartlann\/#primaryimage","url":"https:\/\/westkerrymuseum.com\/\/wp-content\/uploads\/2019\/07\/surveyl.jpg","contentUrl":"https:\/\/westkerrymuseum.com\/\/wp-content\/uploads\/2019\/07\/surveyl.jpg"},{"@type":"BreadcrumbList","@id":"https:\/\/westkerrymuseum.com\/ga\/cartlann\/#breadcrumb","itemListElement":[{"@type":"ListItem","position":1,"name":"Home","item":"https:\/\/westkerrymuseum.com\/ga\/"},{"@type":"ListItem","position":2,"name":"Cartlann"}]},{"@type":"WebSite","@id":"https:\/\/westkerrymuseum.com\/ga\/#website","url":"https:\/\/westkerrymuseum.com\/ga\/","name":"West Kerry Museum","description":"Culture &amp; Heritage Museum in West Kerry, Ireland","publisher":{"@id":"https:\/\/westkerrymuseum.com\/ga\/#organization"},"potentialAction":[{"@type":"SearchAction","target":{"@type":"EntryPoint","urlTemplate":"https:\/\/westkerrymuseum.com\/ga\/?s={search_term_string}"},"query-input":{"@type":"PropertyValueSpecification","valueRequired":true,"valueName":"search_term_string"}}],"inLanguage":"ga-IE"},{"@type":"Organization","@id":"https:\/\/westkerrymuseum.com\/ga\/#organization","name":"West Kerry Museum","url":"https:\/\/westkerrymuseum.com\/ga\/","logo":{"@type":"ImageObject","inLanguage":"ga-IE","@id":"https:\/\/westkerrymuseum.com\/ga\/#\/schema\/logo\/image\/","url":"https:\/\/westkerrymuseum.com\/wp-content\/uploads\/2019\/08\/west-kerry-museum-logo-1.png","contentUrl":"https:\/\/westkerrymuseum.com\/wp-content\/uploads\/2019\/08\/west-kerry-museum-logo-1.png","width":500,"height":219,"caption":"West Kerry Museum"},"image":{"@id":"https:\/\/westkerrymuseum.com\/ga\/#\/schema\/logo\/image\/"}}]}},"_links":{"self":[{"href":"https:\/\/westkerrymuseum.com\/ga\/wp-json\/wp\/v2\/pages\/1035","targetHints":{"allow":["GET"]}}],"collection":[{"href":"https:\/\/westkerrymuseum.com\/ga\/wp-json\/wp\/v2\/pages"}],"about":[{"href":"https:\/\/westkerrymuseum.com\/ga\/wp-json\/wp\/v2\/types\/page"}],"author":[{"embeddable":true,"href":"https:\/\/westkerrymuseum.com\/ga\/wp-json\/wp\/v2\/users\/3"}],"replies":[{"embeddable":true,"href":"https:\/\/westkerrymuseum.com\/ga\/wp-json\/wp\/v2\/comments?post=1035"}],"version-history":[{"count":1,"href":"https:\/\/westkerrymuseum.com\/ga\/wp-json\/wp\/v2\/pages\/1035\/revisions"}],"predecessor-version":[{"id":1036,"href":"https:\/\/westkerrymuseum.com\/ga\/wp-json\/wp\/v2\/pages\/1035\/revisions\/1036"}],"wp:attachment":[{"href":"https:\/\/westkerrymuseum.com\/ga\/wp-json\/wp\/v2\/media?parent=1035"}],"curies":[{"name":"wp","href":"https:\/\/api.w.org\/{rel}","templated":true}]}}